{"id":1022,"date":"2021-05-30T18:06:56","date_gmt":"2021-05-30T18:06:56","guid":{"rendered":"https:\/\/rotllana.cat\/escolagumal\/?page_id=1022"},"modified":"2021-05-30T18:17:52","modified_gmt":"2021-05-30T18:17:52","slug":"sobre-gumal-3","status":"publish","type":"page","link":"https:\/\/rotllana.cat\/escolagumal\/sobre-gumal-3\/","title":{"rendered":"SOBRE GUMAL"},"content":{"rendered":"\n<h2 class=\"has-text-align-center has-black-color has-text-color wp-block-heading\">EL POBLE DE GUMAL<\/h2>\n\n\n\n<p class=\"has-black-color has-text-color\">Els nens i nenes de\u00a0GUMAL\u00a0(GOUMEL, en franc\u00e8s), o\u00a0SARE\u00a0OMAR-LY, nom oficial del poble formen la majoria de la comunitat del lloc. Amb una poblaci\u00f3 que supera de poc les 1.000 persones, cada fam\u00edlia pot tenir una mitjana de 4 fills, per aix\u00f2 en\u00a0Gumal\u00a0\u00e9s inevitable veure constantment nens, adolescents i algun jove dels pocs que no ha emigrat encara.<\/p>\n\n\n\n<div class=\"wp-block-image\"><figure class=\"aligncenter size-full\"><img loading=\"lazy\" decoding=\"async\" width=\"549\" height=\"300\" src=\"https:\/\/rotllana.cat\/escolagumal\/wp-content\/uploads\/2021\/05\/367d5c697790fe5d4d444b8d9c08d969-e1512668467209-1.jpeg\" alt=\"\" class=\"wp-image-1028\" srcset=\"https:\/\/rotllana.cat\/escolagumal\/wp-content\/uploads\/2021\/05\/367d5c697790fe5d4d444b8d9c08d969-e1512668467209-1.jpeg 549w, https:\/\/rotllana.cat\/escolagumal\/wp-content\/uploads\/2021\/05\/367d5c697790fe5d4d444b8d9c08d969-e1512668467209-1-300x164.jpeg 300w\" sizes=\"auto, (max-width: 549px) 100vw, 549px\" \/><\/figure><\/div>\n\n\n\n<div class=\"wp-block-image is-style-rounded\"><figure class=\"alignright size-large\"><img loading=\"lazy\" decoding=\"async\" width=\"298\" height=\"320\" src=\"https:\/\/rotllana.cat\/escolagumal\/wp-content\/uploads\/2021\/05\/Senegal-CIA_WFB_Map-2.png\" alt=\"\" class=\"wp-image-1031\" srcset=\"https:\/\/rotllana.cat\/escolagumal\/wp-content\/uploads\/2021\/05\/Senegal-CIA_WFB_Map-2.png 298w, https:\/\/rotllana.cat\/escolagumal\/wp-content\/uploads\/2021\/05\/Senegal-CIA_WFB_Map-2-279x300.png 279w\" sizes=\"auto, (max-width: 298px) 100vw, 298px\" \/><\/figure><\/div>\n\n\n\n<p class=\"has-black-color has-text-color\">Gumal\u00a0es troba al SENEGAL, al seu costat aquest, prop de les frontera amb Guinea\u00a0Cronaky, entre\u00a0Tambacounda\u00a0i\u00a0K\u00e9dougou, prop del riu G\u00e0mbia, uns dels \u00faltims pobles abans de l&#8217;entrada a la selva pel parc nacional de\u00a0NIOKOLO-*KOBA. El poble dep\u00e8n administrativament de l&#8217;ajuntament de\u00a0MISSIRA, ciutat situada a uns\u00a040km.<\/p>\n\n\n\n<p class=\"has-black-color has-text-color\">GUMAL\u00a0no t\u00e9 dispensari de salut, edifici p\u00fablic o equipament comunitari. La primera escola en la hist\u00f2ria del poble, de fustes, va comen\u00e7ar el seu funcionament al gener del 2.017 a petici\u00f3 dels seus ve\u00efns i per col\u00b7laboraci\u00f3 de La\u00a0Rotllana.<\/p>\n\n\n\n<p class=\"has-black-color has-text-color\">Gr\u00e0cies a la construcci\u00f3 de la primera escola en la hist\u00f2ria d&#8217;aquest poble, els nens i nenes\u00a0han conegut qu\u00e8 \u00e9s una escola i estan molt contents de poder assistir. Comencen a imaginar i pensar que si arriben a ser m\u00e8dics tal vegada podran salvar als seus germanets, que si s\u00f3n professors podran ensenyar a les seves mares a comptar i que no els enganyin amb el canvi en les compres, o que podran ajudar els seus pares a tenir m\u00e9s i millors collites per a alimentar-se tot l&#8217;any i no passar fam.<\/p>\n\n\n\n<figure class=\"wp-block-image size-large is-style-rounded\"><img loading=\"lazy\" decoding=\"async\" width=\"1024\" height=\"768\" src=\"https:\/\/rotllana.cat\/escolagumal\/wp-content\/uploads\/2021\/05\/IMG_20190326_180043-1024x768-4.jpeg\" alt=\"\" class=\"wp-image-1032\" srcset=\"https:\/\/rotllana.cat\/escolagumal\/wp-content\/uploads\/2021\/05\/IMG_20190326_180043-1024x768-4.jpeg 1024w, https:\/\/rotllana.cat\/escolagumal\/wp-content\/uploads\/2021\/05\/IMG_20190326_180043-1024x768-4-300x225.jpeg 300w, https:\/\/rotllana.cat\/escolagumal\/wp-content\/uploads\/2021\/05\/IMG_20190326_180043-1024x768-4-768x576.jpeg 768w\" sizes=\"auto, (max-width: 1024px) 100vw, 1024px\" \/><\/figure>\n\n\n\n<p class=\"has-black-color has-text-color\"><br>Tal vegada l&#8217;escola permetr\u00e0 que la fam\u00edlia romangui unida en la terra on estan enterrats els seus avis i avantpassats i que no hagin de perdre cap cos\u00ed o germ\u00e0 major creuant la mar Mediterr\u00e0nia en una pastera.<\/p>\n","protected":false},"excerpt":{"rendered":"<p>EL POBLE DE GUMAL Els nens i nenes de\u00a0GUMAL\u00a0(GOUMEL, en franc\u00e8s), o\u00a0SARE\u00a0OMAR-LY, nom oficial del poble formen la majoria de la comunitat del lloc. Amb una poblaci\u00f3 que supera de poc les 1.000 persones, cada fam\u00edlia pot tenir una mitjana de 4 fills, per aix\u00f2 en\u00a0Gumal\u00a0\u00e9s inevitable veure constantment nens, adolescents i algun jove dels [&hellip;]<\/p>\n","protected":false},"author":1,"featured_media":0,"parent":0,"menu_order":0,"comment_status":"closed","ping_status":"closed","template":"","meta":{"footnotes":""},"class_list":["post-1022","page","type-page","status-publish","hentry"],"_links":{"self":[{"href":"https:\/\/rotllana.cat\/escolagumal\/wp-json\/wp\/v2\/pages\/1022","targetHints":{"allow":["GET"]}}],"collection":[{"href":"https:\/\/rotllana.cat\/escolagumal\/wp-json\/wp\/v2\/pages"}],"about":[{"href":"https:\/\/rotllana.cat\/escolagumal\/wp-json\/wp\/v2\/types\/page"}],"author":[{"embeddable":true,"href":"https:\/\/rotllana.cat\/escolagumal\/wp-json\/wp\/v2\/users\/1"}],"replies":[{"embeddable":true,"href":"https:\/\/rotllana.cat\/escolagumal\/wp-json\/wp\/v2\/comments?post=1022"}],"version-history":[{"count":3,"href":"https:\/\/rotllana.cat\/escolagumal\/wp-json\/wp\/v2\/pages\/1022\/revisions"}],"predecessor-version":[{"id":1033,"href":"https:\/\/rotllana.cat\/escolagumal\/wp-json\/wp\/v2\/pages\/1022\/revisions\/1033"}],"wp:attachment":[{"href":"https:\/\/rotllana.cat\/escolagumal\/wp-json\/wp\/v2\/media?parent=1022"}],"curies":[{"name":"wp","href":"https:\/\/api.w.org\/{rel}","templated":true}]}}