{"id":1034,"date":"2021-05-30T18:21:07","date_gmt":"2021-05-30T18:21:07","guid":{"rendered":"https:\/\/rotllana.cat\/escolagumal\/?page_id=1034"},"modified":"2026-03-26T10:16:52","modified_gmt":"2026-03-26T10:16:52","slug":"col%c2%b7labora","status":"publish","type":"page","link":"https:\/\/rotllana.cat\/escolagumal\/col%c2%b7labora\/","title":{"rendered":"COL\u00b7LABORA"},"content":{"rendered":"\n<h2 class=\"wp-block-heading has-text-align-center\">Col\u00b7labora amb nosaltres<\/h2>\n\n\n\n<p class=\"has-black-color has-text-color\">Aquest 2026 fa 10 anys que vam comen\u00e7ar a al\u00e7ar els pilars educatius al poblat de Gumal amb la construcci\u00f3 de la primera escola gr\u00e0cies a la col\u00b7laboraci\u00f3 de persones compromeses. Volem continuar el cam\u00ed cap a la millora de la qualitat educativa al Senegal que requereix el suport de persones compromeses amb la transformaci\u00f3 social i ens acompanyin en aquest trajecte. Per aix\u00f2, t\u2019animem a unir esfor\u00e7os per a contribuir a aquesta causa i assegurar l\u2019acc\u00e9s a l\u2019educaci\u00f3 dels infants a Gumal.<\/p>\n\n\n\n<p class=\"has-black-color has-text-color\">Il\u00b7luminar les instal\u00b7lacions amb plaques solars per poder oferir classes durant els per\u00edodes de menor llum solar.<\/p>\n\n\n\n<p class=\"has-black-color has-text-color has-link-color wp-elements-1dafa49dca891693aeb6c40312a7c597\">Obtenir material educatiu per l\u2019alumnat durant el curs escolar 2026-2027<\/p>\n\n\n\n<h2 class=\"wp-block-heading has-text-align-center has-text-color\" style=\"color:#3aaa0d\"><strong>TRANSFORMEM EL TEU COMPROM\u00cdS EN UN FUTUR AMB OPORTUNITATS<\/strong><\/h2>\n\n\n\n<figure class=\"wp-block-pullquote is-style-default has-border-color\" style=\"border-color:#000000\"><blockquote><p><strong>Realitza una aportaci\u00f3 al n\u00famero de compte de la&nbsp;Rotllana, assenyalant Donatiu&nbsp;Gumal.<\/strong><br><strong>ES45 2100 5673 1613 0006 5517 Caixa Bank.<\/strong><br><strong>Envia&#8217;ns tamb\u00e9 un mail de confirmaci\u00f3 de la teva col\u00b7laboraci\u00f3 a <em>rotllana@rotllana.cat.<\/em><\/strong><\/p><\/blockquote><\/figure>\n\n\n\n<figure class=\"wp-block-gallery has-nested-images columns-default is-cropped wp-block-gallery-1 is-layout-flex wp-block-gallery-is-layout-flex\">\n<figure class=\"wp-block-image size-large\"><img loading=\"lazy\" decoding=\"async\" width=\"1024\" height=\"768\" data-id=\"1044\" src=\"https:\/\/rotllana.cat\/escolagumal\/wp-content\/uploads\/2021\/05\/20120103_235120-1024x768.jpg\" alt=\"\" class=\"wp-image-1044\" srcset=\"https:\/\/rotllana.cat\/escolagumal\/wp-content\/uploads\/2021\/05\/20120103_235120-1024x768.jpg 1024w, https:\/\/rotllana.cat\/escolagumal\/wp-content\/uploads\/2021\/05\/20120103_235120-300x225.jpg 300w, https:\/\/rotllana.cat\/escolagumal\/wp-content\/uploads\/2021\/05\/20120103_235120-768x576.jpg 768w, https:\/\/rotllana.cat\/escolagumal\/wp-content\/uploads\/2021\/05\/20120103_235120-1536x1152.jpg 1536w, https:\/\/rotllana.cat\/escolagumal\/wp-content\/uploads\/2021\/05\/20120103_235120.jpg 2048w\" sizes=\"auto, (max-width: 1024px) 100vw, 1024px\" \/><\/figure>\n\n\n\n<figure class=\"wp-block-image size-large\"><img loading=\"lazy\" decoding=\"async\" width=\"872\" height=\"654\" data-id=\"1045\" src=\"https:\/\/rotllana.cat\/escolagumal\/wp-content\/uploads\/2021\/05\/20120104_002525.jpg\" alt=\"\" class=\"wp-image-1045\" srcset=\"https:\/\/rotllana.cat\/escolagumal\/wp-content\/uploads\/2021\/05\/20120104_002525.jpg 872w, https:\/\/rotllana.cat\/escolagumal\/wp-content\/uploads\/2021\/05\/20120104_002525-300x225.jpg 300w, https:\/\/rotllana.cat\/escolagumal\/wp-content\/uploads\/2021\/05\/20120104_002525-768x576.jpg 768w\" sizes=\"auto, (max-width: 872px) 100vw, 872px\" \/><\/figure>\n\n\n\n<figure class=\"wp-block-image size-large\"><img loading=\"lazy\" decoding=\"async\" width=\"1024\" height=\"768\" data-id=\"1046\" src=\"https:\/\/rotllana.cat\/escolagumal\/wp-content\/uploads\/2021\/05\/20120103_233917-1024x768.jpg\" alt=\"\" class=\"wp-image-1046\" srcset=\"https:\/\/rotllana.cat\/escolagumal\/wp-content\/uploads\/2021\/05\/20120103_233917-1024x768.jpg 1024w, https:\/\/rotllana.cat\/escolagumal\/wp-content\/uploads\/2021\/05\/20120103_233917-300x225.jpg 300w, https:\/\/rotllana.cat\/escolagumal\/wp-content\/uploads\/2021\/05\/20120103_233917-768x576.jpg 768w, https:\/\/rotllana.cat\/escolagumal\/wp-content\/uploads\/2021\/05\/20120103_233917-1536x1152.jpg 1536w, https:\/\/rotllana.cat\/escolagumal\/wp-content\/uploads\/2021\/05\/20120103_233917.jpg 2048w\" sizes=\"auto, (max-width: 1024px) 100vw, 1024px\" \/><\/figure>\n\n\n\n<figure class=\"wp-block-image size-large\"><img loading=\"lazy\" decoding=\"async\" width=\"1024\" height=\"768\" data-id=\"1047\" src=\"https:\/\/rotllana.cat\/escolagumal\/wp-content\/uploads\/2021\/05\/20120103_084306-1024x768.jpg\" alt=\"\" class=\"wp-image-1047\" srcset=\"https:\/\/rotllana.cat\/escolagumal\/wp-content\/uploads\/2021\/05\/20120103_084306-1024x768.jpg 1024w, https:\/\/rotllana.cat\/escolagumal\/wp-content\/uploads\/2021\/05\/20120103_084306-300x225.jpg 300w, https:\/\/rotllana.cat\/escolagumal\/wp-content\/uploads\/2021\/05\/20120103_084306-768x576.jpg 768w, https:\/\/rotllana.cat\/escolagumal\/wp-content\/uploads\/2021\/05\/20120103_084306-1536x1152.jpg 1536w, https:\/\/rotllana.cat\/escolagumal\/wp-content\/uploads\/2021\/05\/20120103_084306.jpg 2048w\" sizes=\"auto, (max-width: 1024px) 100vw, 1024px\" \/><\/figure>\n<\/figure>\n\n\n\n<div class=\"wpcf7 no-js\" id=\"wpcf7-f1343-o1\" lang=\"es-ES\" dir=\"ltr\" data-wpcf7-id=\"1343\">\n<div class=\"screen-reader-response\"><p role=\"status\" aria-live=\"polite\" aria-atomic=\"true\"><\/p> <ul><\/ul><\/div>\n<form action=\"\/escolagumal\/wp-json\/wp\/v2\/pages\/1034#wpcf7-f1343-o1\" method=\"post\" class=\"wpcf7-form init\" aria-label=\"Formulario de contacto\" novalidate=\"novalidate\" data-status=\"init\">\n<fieldset class=\"hidden-fields-container\"><input type=\"hidden\" name=\"_wpcf7\" value=\"1343\" \/><input type=\"hidden\" name=\"_wpcf7_version\" value=\"6.1.5\" \/><input type=\"hidden\" name=\"_wpcf7_locale\" value=\"es_ES\" \/><input type=\"hidden\" name=\"_wpcf7_unit_tag\" value=\"wpcf7-f1343-o1\" \/><input type=\"hidden\" name=\"_wpcf7_container_post\" value=\"0\" \/><input type=\"hidden\" name=\"_wpcf7_posted_data_hash\" value=\"\" \/><input type=\"hidden\" name=\"_wpcf7cf_hidden_group_fields\" value=\"[]\" \/><input type=\"hidden\" name=\"_wpcf7cf_hidden_groups\" value=\"[]\" \/><input type=\"hidden\" name=\"_wpcf7cf_visible_groups\" value=\"[]\" \/><input type=\"hidden\" name=\"_wpcf7cf_repeaters\" value=\"[]\" \/><input type=\"hidden\" name=\"_wpcf7cf_steps\" value=\"{}\" \/><input type=\"hidden\" name=\"_wpcf7cf_options\" value=\"{&quot;form_id&quot;:1343,&quot;conditions&quot;:[{&quot;then_field&quot;:&quot;desgravar&quot;,&quot;and_rules&quot;:[{&quot;if_field&quot;:&quot;hisenda&quot;,&quot;operator&quot;:&quot;not empty&quot;,&quot;if_value&quot;:&quot;\\&quot;Vols desgravar a hisenda?\\&quot;&quot;}]},{&quot;then_field&quot;:&quot;quantitats&quot;,&quot;and_rules&quot;:[{&quot;if_field&quot;:&quot;money&quot;,&quot;operator&quot;:&quot;equals&quot;,&quot;if_value&quot;:&quot;Altres quantitats&quot;}]}],&quot;settings&quot;:{&quot;animation&quot;:&quot;yes&quot;,&quot;animation_intime&quot;:200,&quot;animation_outtime&quot;:200,&quot;conditions_ui&quot;:&quot;normal&quot;,&quot;notice_dismissed&quot;:false}}\" \/><input type=\"hidden\" name=\"redirect_nonce\" value=\"170ef58d20\" \/><input type=\"hidden\" name=\"wpcf7cfpdf_hidden_name\" value=\"document-pdf\" \/><input type=\"hidden\" name=\"wpcf7cfpdf_hidden_reference\" value=\"b0b02419\" \/><input type=\"hidden\" name=\"wpcf7cfpdf_hidden_date\" value=\"abril8,2026\" \/>\n<\/fieldset>\n<div class=\"donation-form\">\n\t<div class=\"row row-title\">\n\t\t<div class=\"col col-title\">\n\t\t\t<h2>Formulari de Donaci\u00f3\n\t\t\t<\/h2>\n\t\t<\/div>\n\t<\/div>\n\t<p id=\"gracies\">Gr\u00e0cies per la teva generositat!\n\t<\/p>\n\t<div class=\"row\">\n\t\t<div class=\"col\">\n\t\t\t<div class=\"form-group\">\n\t\t\t\t<p><label for=\"nombre\">Nom<span>*<\/span><\/label><br \/>\n<span class=\"wpcf7-form-control-wrap\" data-name=\"nombre\"><input size=\"80\" maxlength=\"400\" class=\"wpcf7-form-control wpcf7-text wpcf7-validates-as-required form-control\" id=\"nombre\" aria-required=\"true\" aria-invalid=\"false\" value=\"\" type=\"text\" name=\"nombre\" \/><\/span>\n\t\t\t\t<\/p>\n\t\t\t<\/div>\n\t\t<\/div>\n\t\t<div class=\"col\">\n\t\t\t<div class=\"form-group\">\n\t\t\t\t<p><label for=\"apellidos\">Cognoms<span>*<\/span><\/label><br \/>\n<span class=\"wpcf7-form-control-wrap\" data-name=\"apellidos\"><input size=\"80\" maxlength=\"400\" class=\"wpcf7-form-control wpcf7-text wpcf7-validates-as-required form-control\" id=\"apellidos\" aria-required=\"true\" aria-invalid=\"false\" value=\"\" type=\"text\" name=\"apellidos\" \/><\/span>\n\t\t\t\t<\/p>\n\t\t\t<\/div>\n\t\t<\/div>\n\t<\/div>\n\t<div class=\"row\">\n\t\t<div class=\"col\">\n\t\t\t<div class=\"form-group\">\n\t\t\t\t<p><label for=\"telefono\">Tel\u00e8fon<span>*<\/span><\/label><br \/>\n<span class=\"wpcf7-form-control-wrap\" data-name=\"telefono\"><input size=\"80\" maxlength=\"9\" class=\"wpcf7-form-control wpcf7-tel wpcf7-validates-as-required wpcf7-text wpcf7-validates-as-tel form-control\" id=\"telefono\" aria-required=\"true\" aria-invalid=\"false\" value=\"\" type=\"tel\" name=\"telefono\" \/><\/span>\n\t\t\t\t<\/p>\n\t\t\t<\/div>\n\t\t<\/div>\n\t\t<div class=\"col\">\n\t\t\t<div class=\"form-group\">\n\t\t\t\t<p><label for=\"email\">Correu Electr\u00f2nic<span>*<\/span><\/label><br \/>\n<span class=\"wpcf7-form-control-wrap\" data-name=\"email\"><input size=\"80\" maxlength=\"400\" class=\"wpcf7-form-control wpcf7-email wpcf7-validates-as-required wpcf7-text wpcf7-validates-as-email form-control required\" id=\"email\" autocomplete=\"email\" aria-required=\"true\" aria-invalid=\"false\" value=\"\" type=\"email\" name=\"email\" \/><\/span>\n\t\t\t\t<\/p>\n\t\t\t<\/div>\n\t\t<\/div>\n\t<\/div>\n\t<div class=\"form-group\">\n\t\t<p><label for=\"dni\">DNI\/NIE<span>*<\/span><\/label><br \/>\n<span class=\"wpcf7-form-control-wrap\" data-name=\"dni\"><input size=\"40\" maxlength=\"9\" class=\"wpcf7-form-control wpcf7-text wpcf7-validates-as-required\" id=\"dni\" aria-required=\"true\" aria-invalid=\"false\" value=\"\" type=\"text\" name=\"dni\" \/><\/span>\n\t\t<\/p>\n\t<\/div>\n\t<div class=\"form-group\">\n\t\t<p><label class=\"lmoney\">Quantitat a Donar<span>*<\/span><\/label><br \/>\n<span class=\"wpcf7-form-control-wrap\" data-name=\"money\"><span class=\"wpcf7-form-control wpcf7-radio togglebuttons\"><span class=\"wpcf7-list-item first\"><label><input type=\"radio\" name=\"money\" value=\"5\u20ac\" \/><span class=\"wpcf7-list-item-label\">5\u20ac<\/span><\/label><\/span><span class=\"wpcf7-list-item\"><label><input type=\"radio\" name=\"money\" value=\"10\u20ac\" \/><span class=\"wpcf7-list-item-label\">10\u20ac<\/span><\/label><\/span><span class=\"wpcf7-list-item\"><label><input type=\"radio\" name=\"money\" value=\"25\u20ac\" \/><span class=\"wpcf7-list-item-label\">25\u20ac<\/span><\/label><\/span><span class=\"wpcf7-list-item last\"><label><input type=\"radio\" name=\"money\" value=\"Altres quantitats\" \/><span class=\"wpcf7-list-item-label\">Altres quantitats<\/span><\/label><\/span><\/span><\/span>\n\t\t<\/p>\n\t\t<div data-id=\"quantitats\" data-orig_data_id=\"quantitats\" data-clear_on_hide class=\"\" data-class=\"wpcf7cf_group\">\n\t\t\t<p><label for=\"altres\">Altres Quantitats:<\/label><br \/>\n<span class=\"wpcf7-form-control-wrap\" data-name=\"altres\"><input class=\"wpcf7-form-control wpcf7-number wpcf7-validates-as-required wpcf7-validates-as-number\" id=\"altres\" min=\"5\" max=\"1000\" aria-required=\"true\" aria-invalid=\"false\" value=\"\" type=\"number\" name=\"altres\" \/><\/span>\n\t\t\t<\/p>\n\t\t<\/div>\n\t<\/div>\n\t<div class=\"form-group\">\n\t\t<p><label class=\"lmoney\">Freq\u00fc\u00e8ncia de Donaci\u00f3<span>*<\/span><\/label><br \/>\n<span class=\"wpcf7-form-control-wrap\" data-name=\"frecuencia\"><span class=\"wpcf7-form-control wpcf7-radio togglebuttons\"><span class=\"wpcf7-list-item first\"><label><input type=\"radio\" name=\"frecuencia\" value=\"Puntual\" \/><span class=\"wpcf7-list-item-label\">Puntual<\/span><\/label><\/span><span class=\"wpcf7-list-item\"><label><input type=\"radio\" name=\"frecuencia\" value=\"Mensual\" \/><span class=\"wpcf7-list-item-label\">Mensual<\/span><\/label><\/span><span class=\"wpcf7-list-item last\"><label><input type=\"radio\" name=\"frecuencia\" value=\"Trimestral\" \/><span class=\"wpcf7-list-item-label\">Trimestral<\/span><\/label><\/span><\/span><\/span>\n\t\t<\/p>\n\t<\/div>\n\t<div class=\"form-group\">\n\t\t<p><label for=\"iban\">IBAN<span>*<\/span><\/label><br \/>\n<span class=\"wpcf7-form-control-wrap\" data-name=\"iban\"><input size=\"40\" maxlength=\"28\" class=\"wpcf7-form-control wpcf7-text wpcf7-validates-as-required\" id=\"iban\" aria-required=\"true\" aria-invalid=\"false\" placeholder=\"ES7921000813610123456789\" value=\"\" type=\"text\" name=\"iban\" \/><\/span>\n\t\t<\/p>\n\t<\/div>\n\t<div class=\"form-group\">\n\t\t<p><label for=\"mensaje\">Missatge<\/label><br \/>\n<span class=\"wpcf7-form-control-wrap\" data-name=\"missatge\"><textarea cols=\"40\" rows=\"10\" maxlength=\"2000\" class=\"wpcf7-form-control wpcf7-textarea form-control\" id=\"mensaje\" readonly=\"readonly\" aria-invalid=\"false\" name=\"missatge\">CONCEPTE: ESCOLA GUMAL<\/textarea><\/span>\n\t\t<\/p>\n\t<\/div>\n\t<div class=\"form-group\">\n\t\t<p><span class=\"wpcf7-form-control-wrap\" data-name=\"hisenda\"><span class=\"wpcf7-form-control wpcf7-checkbox\"><span class=\"wpcf7-list-item first last\"><label><input type=\"checkbox\" name=\"hisenda[]\" value=\"Vols desgravar a hisenda?\" \/><span class=\"wpcf7-list-item-label\">Vols desgravar a hisenda?<\/span><\/label><\/span><\/span><\/span>\n\t\t<\/p>\n\t\t<p><a class=\"valid\">(V\u00e0lid per a persones residents a Espanya amb excepcions a Pa\u00eds Basc i Navarra.)<\/a>\n\t\t<\/p>\n\t<\/div>\n\t<div data-id=\"desgravar\" data-orig_data_id=\"desgravar\"  class=\"\" data-class=\"wpcf7cf_group\">\n\t\t<div class=\"row\">\n\t\t\t<div class=\"col\">\n\t\t\t\t<div class=\"form-group\">\n\t\t\t\t\t<p><label>Pa\u00eds<span>*<\/span><\/label><br \/>\n<span class=\"wpcf7-form-control-wrap\" data-name=\"pais\"><select class=\"wpcf7-form-control wpcf7-select custom-select-sm disable\" aria-invalid=\"false\" name=\"pais\"><option value=\"Espanya\">Espanya<\/option><\/select><\/span>\n\t\t\t\t\t<\/p>\n\t\t\t\t<\/div>\n\t\t\t<\/div>\n\t\t\t<div class=\"col\">\n\t\t\t\t<div class=\"form-group\">\n\t\t\t\t\t<p><label>Prov\u00edncia<span>*<\/span><\/label><br \/>\n<span class=\"wpcf7-form-control-wrap\" data-name=\"divisionname\"><select class=\"wpcf7-form-control wpcf7-select custom-select-sm\" aria-invalid=\"false\" name=\"divisionname\"><option value=\"\">&#8212;Por favor, elige una opci\u00f3n&#8212;<\/option><\/select><\/span>\n\t\t\t\t\t<\/p>\n\t\t\t\t<\/div>\n\t\t\t<\/div>\n\t\t\t<div class=\"col\">\n\t\t\t\t<div class=\"form-group\">\n\t\t\t\t\t<p><label for=\"poblacion\">Poblaci\u00f3<span>*<\/span><\/label><br \/>\n<span class=\"wpcf7-form-control-wrap\" data-name=\"poblacion\"><input size=\"40\" maxlength=\"80\" class=\"wpcf7-form-control wpcf7-text wpcf7-validates-as-required form-control\" id=\"poblacion\" aria-required=\"true\" aria-invalid=\"false\" value=\"\" type=\"text\" name=\"poblacion\" \/><\/span>\n\t\t\t\t\t<\/p>\n\t\t\t\t<\/div>\n\t\t\t<\/div>\n\t\t\t<div class=\"col\">\n\t\t\t\t<div class=\"form-group\">\n\t\t\t\t\t<p><label>Codi Postal<span>*<\/span><\/label><br \/>\n<span class=\"wpcf7-form-control-wrap\" data-name=\"codi_postal\"><input size=\"40\" maxlength=\"5\" class=\"wpcf7-form-control wpcf7-text wpcf7-validates-as-required form-control\" id=\"codi_postal\" aria-required=\"true\" aria-invalid=\"false\" value=\"\" type=\"text\" name=\"codi_postal\" \/><\/span>\n\t\t\t\t\t<\/p>\n\t\t\t\t<\/div>\n\t\t\t<\/div>\n\t\t<\/div>\n\t\t<div class=\"form-group\">\n\t\t\t<p><label for=\"adreca\">Adre\u00e7a<span>*<\/span><\/label><br \/>\n<span class=\"wpcf7-form-control-wrap\" data-name=\"adreca\"><input size=\"40\" maxlength=\"400\" class=\"wpcf7-form-control wpcf7-text wpcf7-validates-as-required\" id=\"adreca\" autocomplete=\"street-address\" aria-required=\"true\" aria-invalid=\"false\" value=\"\" type=\"text\" name=\"adreca\" \/><\/span>\n\t\t\t<\/p>\n\t\t<\/div>\n\t<\/div>\n\t<p><span class=\"wpcf7-form-control-wrap\" data-name=\"your-consent\"><span class=\"wpcf7-form-control wpcf7-acceptance\"><span class=\"wpcf7-list-item\"><label><span class=\"wpcf7-list-item-label\">He llegit i accepto la <a href=\"https:\/\/rotllana.cat\/wp-content\/uploads\/2024\/09\/doc-POLITICA-DE-PRIVACIDAD.es_.ca_.pdf\">Pol\u00edtica de Privadesa<\/a><\/span><input type=\"checkbox\" name=\"your-consent\" value=\"1\" aria-invalid=\"false\" \/><\/label><\/span><\/span><\/span>\n\t<\/p>\n\t<div class=\"form-group\">\n\t\t<p><input class=\"wpcf7-form-control wpcf7-submit has-spinner\" type=\"submit\" value=\"Enviar Donaci\u00f3\" \/>\n\t\t<\/p>\n\t<\/div>\n<\/div>\n<style>\n\n.donation-form{\nwidth:100%;\nmax-width:100%;\nmargin:30px 0;\nbackground:#0f766e;\npadding:40px;\nborder-radius:12px;\nbox-shadow:0 10px 30px rgba(0,0,0,0.2);\ncolor:white;\nfont-family:Arial, sans-serif;\nbox-sizing:border-box;\n}\n\n.donation-form h2{\ntext-align:center;\nmargin-bottom:8px;\nfont-size:28px;\nfont-weight:700;\n}\n\n#gracies{\ntext-align:center;\nmargin-bottom:30px;\nfont-size:15px;\nopacity:0.9;\n}\n\n\/* GRID SOLO FORMULARIO *\/\n\n.donation-form .row{\ndisplay:flex;\ngap:20px;\nmargin-bottom:18px;\nflex-wrap:wrap;\n}\n\n.donation-form .col{\nflex:1;\nmin-width:48%;\n}\n\n\/* CAMPOS *\/\n\n.donation-form .form-group{\nmargin-bottom:20px;\n}\n\n.donation-form label{\nfont-weight:600;\nfont-size:14px;\ndisplay:block;\nmargin-bottom:6px;\n}\n\n.donation-form input,\n.donation-form textarea,\n.donation-form select{\nwidth:100%;\npadding:12px 14px;\nborder-radius:6px;\nborder:none;\nfont-size:14px;\nbackground:white;\nbox-sizing:border-box;\n}\n\n.donation-form textarea{\nmin-height:110px;\nresize:vertical;\n}\n\n\/* BOTONES DONACI\u00d3N *\/\n\n.donation-form .togglebuttons{\nmargin-top:8px;\n}\n\n.donation-form .togglebuttons .wpcf7-list-item{\ndisplay:inline-block;\nmargin-right:10px;\nmargin-bottom:8px;\n}\n\n.donation-form .togglebuttons input{\ndisplay:none;\n}\n\n.donation-form .togglebuttons .wpcf7-list-item-label{\nbackground:white;\ncolor:#333!important;\npadding:8px 16px;\nborder-radius:6px;\ncursor:pointer;\nborder:1px solid #ddd;\nfont-size:14px;\ntransition:0.2s;\n}\n\n.donation-form .togglebuttons input:checked + .wpcf7-list-item-label{\nbackground:#134e4a;\ncolor:white!important;\nborder-color:#134e4a;\nfont-weight:600;\n}\n\n\/* BOT\u00d3N ENVIAR *\/\n\n.donation-form .wpcf7-submit{\nwidth:100%;\nbackground:#facc15;\ncolor:#333;\nborder:none;\npadding:14px;\nfont-size:16px;\nborder-radius:8px;\ncursor:pointer;\nmargin-top:20px;\nfont-weight:600;\ntransition:0.2s;\n}\n\n.donation-form .wpcf7-submit:hover{\nbackground:#eab308;\n}\n\n\/* CHECKBOXES *\/\n\n.donation-form .wpcf7-checkbox,\n.donation-form .wpcf7-acceptance{\ndisplay:flex;\nalign-items:flex-start;\ngap:10px;\nmargin-top:10px;\n}\n\n.donation-form .wpcf7-checkbox input,\n.donation-form .wpcf7-acceptance input{\nwidth:auto;\ntransform:scale(1.2);\nmargin-top:3px;\n}\n\n\/* TEXTO LEGAL *\/\n\n.donation-form .valid{\ndisplay:block;\nmargin-top:5px;\nmargin-left:26px;\nfont-size:12px;\ncolor:#d1fae5;\n}\n\n\/* MENSAJE *\/\n\n.donation-form #mensaje{\nbackground:#f3f3f3;\ncolor:#333;\nfont-weight:bold;\nresize:none;\n}\n\n\/* RESPONSIVE *\/\n\n@media(max-width:768px){\n\n.donation-form{\npadding:25px;\nmargin:30px 0;\n}\n\n.donation-form .row{\nflex-direction:column;\ngap:0;\n}\n\n.donation-form .col{\nmin-width:100%;\n}\n\n.donation-form .togglebuttons .wpcf7-list-item{\ndisplay:block;\nwidth:100%;\n}\n\n.donation-form .togglebuttons .wpcf7-list-item-label{\ndisplay:block;\ntext-align:center;\n}\n\n}\n<\/style><div class=\"wpcf7-response-output\" aria-hidden=\"true\"><\/div>\n<\/form>\n<\/div>\n\n\n\n\n<p class=\"has-text-align-center\"><\/p>\n\n\n\n<p><\/p>\n","protected":false},"excerpt":{"rendered":"<p>Col\u00b7labora amb nosaltres Aquest 2026 fa 10 anys que vam comen\u00e7ar a al\u00e7ar els pilars educatius al poblat de Gumal amb la construcci\u00f3 de la primera escola gr\u00e0cies a la col\u00b7laboraci\u00f3 de persones compromeses. Volem continuar el cam\u00ed cap a la millora de la qualitat educativa al Senegal que requereix el suport de persones compromeses [&hellip;]<\/p>\n","protected":false},"author":1,"featured_media":0,"parent":0,"menu_order":0,"comment_status":"closed","ping_status":"closed","template":"","meta":{"footnotes":""},"class_list":["post-1034","page","type-page","status-publish","hentry"],"_links":{"self":[{"href":"https:\/\/rotllana.cat\/escolagumal\/wp-json\/wp\/v2\/pages\/1034","targetHints":{"allow":["GET"]}}],"collection":[{"href":"https:\/\/rotllana.cat\/escolagumal\/wp-json\/wp\/v2\/pages"}],"about":[{"href":"https:\/\/rotllana.cat\/escolagumal\/wp-json\/wp\/v2\/types\/page"}],"author":[{"embeddable":true,"href":"https:\/\/rotllana.cat\/escolagumal\/wp-json\/wp\/v2\/users\/1"}],"replies":[{"embeddable":true,"href":"https:\/\/rotllana.cat\/escolagumal\/wp-json\/wp\/v2\/comments?post=1034"}],"version-history":[{"count":20,"href":"https:\/\/rotllana.cat\/escolagumal\/wp-json\/wp\/v2\/pages\/1034\/revisions"}],"predecessor-version":[{"id":1396,"href":"https:\/\/rotllana.cat\/escolagumal\/wp-json\/wp\/v2\/pages\/1034\/revisions\/1396"}],"wp:attachment":[{"href":"https:\/\/rotllana.cat\/escolagumal\/wp-json\/wp\/v2\/media?parent=1034"}],"curies":[{"name":"wp","href":"https:\/\/api.w.org\/{rel}","templated":true}]}}