{"id":1255,"date":"2021-07-12T13:59:39","date_gmt":"2021-07-12T13:59:39","guid":{"rendered":"https:\/\/rotllana.cat\/escolagumal\/?page_id=1255"},"modified":"2021-07-12T13:59:45","modified_gmt":"2021-07-12T13:59:45","slug":"primer-pas-per-constituir-la-associacio-same-oumarly","status":"publish","type":"page","link":"https:\/\/rotllana.cat\/escolagumal\/primer-pas-per-constituir-la-associacio-same-oumarly\/","title":{"rendered":"Primer pas per constituir la Associaci\u00f3 Same Oumarly"},"content":{"rendered":"\n<p class=\"has-black-color has-text-color\">Aquest dissabte va tindre lloc la primera reuni\u00f3 per a constituir la nova Associaci\u00f3 Same Oumarly per al desenvolupament del poble de Gumal. En un futur pr\u00f2xim podrem veure ja constitu\u00efda aquesta associaci\u00f3 que t\u00e9 com a principal objectiu millorar la qualitat de vida dels habitants del poble en aspectes de salut, educaci\u00f3, cultura, esport i afavorir el desenvolupament econ\u00f2mic sostenible del poble. Dins les seves finalitats s&#8217;inclouen:<\/p>\n\n\n\n<ul class=\"wp-block-list\"><li>Transformar els mitjans de producci\u00f3 local.<\/li><li>Millorar la producci\u00f3 i el comer\u00e7 sostenible del poble.<\/li><li>Millorar els mitjans educatius per als joves i nens i nenes.<\/li><li>Potenciar activitats esportives i culturals per a la poblaci\u00f3 jove.<\/li><li>Desenvolupar programes de prevenci\u00f3 i tractament de malalties locals.<\/li><li>Promoure ponts de cooperaci\u00f3 entre Catalunya i el Senegal.<\/li><\/ul>\n\n\n\n<p class=\"has-black-color has-text-color\">Va ser un dia molt especial, ja que estan a un pas m\u00e9s d&#8217;aconseguir un somni que va comen\u00e7ar amb la construcci\u00f3 de la primera escola a Gumal. A m\u00e9s, despr\u00e9s de la reuni\u00f3 vam tindre el plaer de tastar la beguda i el menjar t\u00edpic de Gumal.<\/p>\n\n\n\n<figure class=\"wp-block-gallery columns-3 is-cropped wp-block-gallery-1 is-layout-flex wp-block-gallery-is-layout-flex\"><ul class=\"blocks-gallery-grid\"><li class=\"blocks-gallery-item\"><figure><img loading=\"lazy\" decoding=\"async\" width=\"768\" height=\"1024\" src=\"https:\/\/rotllana.cat\/escolagumal\/wp-content\/uploads\/2021\/07\/WhatsApp-Image-2021-07-11-at-12.47.41-2-1.jpeg\" alt=\"\" data-id=\"1256\" data-full-url=\"https:\/\/rotllana.cat\/escolagumal\/wp-content\/uploads\/2021\/07\/WhatsApp-Image-2021-07-11-at-12.47.41-2-1.jpeg\" data-link=\"https:\/\/rotllana.cat\/escolagumal\/?attachment_id=1256\" class=\"wp-image-1256\" srcset=\"https:\/\/rotllana.cat\/escolagumal\/wp-content\/uploads\/2021\/07\/WhatsApp-Image-2021-07-11-at-12.47.41-2-1.jpeg 768w, https:\/\/rotllana.cat\/escolagumal\/wp-content\/uploads\/2021\/07\/WhatsApp-Image-2021-07-11-at-12.47.41-2-1-225x300.jpeg 225w\" sizes=\"auto, (max-width: 768px) 100vw, 768px\" \/><\/figure><\/li><li class=\"blocks-gallery-item\"><figure><img loading=\"lazy\" decoding=\"async\" width=\"768\" height=\"1024\" src=\"https:\/\/rotllana.cat\/escolagumal\/wp-content\/uploads\/2021\/07\/WhatsApp-Image-2021-07-11-at-12.47.41-3-1.jpeg\" alt=\"\" data-id=\"1257\" data-full-url=\"https:\/\/rotllana.cat\/escolagumal\/wp-content\/uploads\/2021\/07\/WhatsApp-Image-2021-07-11-at-12.47.41-3-1.jpeg\" data-link=\"https:\/\/rotllana.cat\/escolagumal\/?attachment_id=1257\" class=\"wp-image-1257\" srcset=\"https:\/\/rotllana.cat\/escolagumal\/wp-content\/uploads\/2021\/07\/WhatsApp-Image-2021-07-11-at-12.47.41-3-1.jpeg 768w, https:\/\/rotllana.cat\/escolagumal\/wp-content\/uploads\/2021\/07\/WhatsApp-Image-2021-07-11-at-12.47.41-3-1-225x300.jpeg 225w\" sizes=\"auto, (max-width: 768px) 100vw, 768px\" \/><\/figure><\/li><li class=\"blocks-gallery-item\"><figure><img loading=\"lazy\" decoding=\"async\" width=\"1024\" height=\"768\" src=\"https:\/\/rotllana.cat\/escolagumal\/wp-content\/uploads\/2021\/07\/WhatsApp-Image-2021-07-11-at-12.47.41-4.jpeg\" alt=\"\" data-id=\"1258\" data-full-url=\"https:\/\/rotllana.cat\/escolagumal\/wp-content\/uploads\/2021\/07\/WhatsApp-Image-2021-07-11-at-12.47.41-4.jpeg\" data-link=\"https:\/\/rotllana.cat\/escolagumal\/?attachment_id=1258\" class=\"wp-image-1258\" srcset=\"https:\/\/rotllana.cat\/escolagumal\/wp-content\/uploads\/2021\/07\/WhatsApp-Image-2021-07-11-at-12.47.41-4.jpeg 1024w, https:\/\/rotllana.cat\/escolagumal\/wp-content\/uploads\/2021\/07\/WhatsApp-Image-2021-07-11-at-12.47.41-4-300x225.jpeg 300w, https:\/\/rotllana.cat\/escolagumal\/wp-content\/uploads\/2021\/07\/WhatsApp-Image-2021-07-11-at-12.47.41-4-768x576.jpeg 768w\" sizes=\"auto, (max-width: 1024px) 100vw, 1024px\" \/><\/figure><\/li><li class=\"blocks-gallery-item\"><figure><img loading=\"lazy\" decoding=\"async\" width=\"1024\" height=\"768\" src=\"https:\/\/rotllana.cat\/escolagumal\/wp-content\/uploads\/2021\/07\/WhatsApp-Image-2021-07-11-at-12.49.25-2.jpeg\" alt=\"\" data-id=\"1259\" data-full-url=\"https:\/\/rotllana.cat\/escolagumal\/wp-content\/uploads\/2021\/07\/WhatsApp-Image-2021-07-11-at-12.49.25-2.jpeg\" data-link=\"https:\/\/rotllana.cat\/escolagumal\/?attachment_id=1259\" class=\"wp-image-1259\" srcset=\"https:\/\/rotllana.cat\/escolagumal\/wp-content\/uploads\/2021\/07\/WhatsApp-Image-2021-07-11-at-12.49.25-2.jpeg 1024w, https:\/\/rotllana.cat\/escolagumal\/wp-content\/uploads\/2021\/07\/WhatsApp-Image-2021-07-11-at-12.49.25-2-300x225.jpeg 300w, https:\/\/rotllana.cat\/escolagumal\/wp-content\/uploads\/2021\/07\/WhatsApp-Image-2021-07-11-at-12.49.25-2-768x576.jpeg 768w\" sizes=\"auto, (max-width: 1024px) 100vw, 1024px\" \/><\/figure><\/li><\/ul><\/figure>\n","protected":false},"excerpt":{"rendered":"<p>Aquest dissabte va tindre lloc la primera reuni\u00f3 per a constituir la nova Associaci\u00f3 Same Oumarly per al desenvolupament del poble de Gumal. En un futur pr\u00f2xim podrem veure ja constitu\u00efda aquesta associaci\u00f3 que t\u00e9 com a principal objectiu millorar la qualitat de vida dels habitants del poble en aspectes de salut, educaci\u00f3, cultura, esport [&hellip;]<\/p>\n","protected":false},"author":1,"featured_media":1248,"parent":0,"menu_order":0,"comment_status":"closed","ping_status":"closed","template":"","meta":{"footnotes":""},"class_list":["post-1255","page","type-page","status-publish","has-post-thumbnail","hentry"],"_links":{"self":[{"href":"https:\/\/rotllana.cat\/escolagumal\/wp-json\/wp\/v2\/pages\/1255","targetHints":{"allow":["GET"]}}],"collection":[{"href":"https:\/\/rotllana.cat\/escolagumal\/wp-json\/wp\/v2\/pages"}],"about":[{"href":"https:\/\/rotllana.cat\/escolagumal\/wp-json\/wp\/v2\/types\/page"}],"author":[{"embeddable":true,"href":"https:\/\/rotllana.cat\/escolagumal\/wp-json\/wp\/v2\/users\/1"}],"replies":[{"embeddable":true,"href":"https:\/\/rotllana.cat\/escolagumal\/wp-json\/wp\/v2\/comments?post=1255"}],"version-history":[{"count":1,"href":"https:\/\/rotllana.cat\/escolagumal\/wp-json\/wp\/v2\/pages\/1255\/revisions"}],"predecessor-version":[{"id":1260,"href":"https:\/\/rotllana.cat\/escolagumal\/wp-json\/wp\/v2\/pages\/1255\/revisions\/1260"}],"wp:featuredmedia":[{"embeddable":true,"href":"https:\/\/rotllana.cat\/escolagumal\/wp-json\/wp\/v2\/media\/1248"}],"wp:attachment":[{"href":"https:\/\/rotllana.cat\/escolagumal\/wp-json\/wp\/v2\/media?parent=1255"}],"curies":[{"name":"wp","href":"https:\/\/api.w.org\/{rel}","templated":true}]}}