{"id":1282,"date":"2021-12-23T12:03:29","date_gmt":"2021-12-23T12:03:29","guid":{"rendered":"https:\/\/rotllana.cat\/escolagumal\/?page_id=1282"},"modified":"2021-12-23T12:03:29","modified_gmt":"2021-12-23T12:03:29","slug":"nou-material-escolar-per-a-lescola-gumal","status":"publish","type":"page","link":"https:\/\/rotllana.cat\/escolagumal\/nou-material-escolar-per-a-lescola-gumal\/","title":{"rendered":"Nou material escolar per a l&#8217;Escola Gumal"},"content":{"rendered":"\n<p>Com cada any, tornem a enviar material escolar b\u00e0sic a l&#8217;escola de Gumal perqu\u00e8 tots els nens i nenes de Gumal tinguin acc\u00e9s a la instrucci\u00f3 i educaci\u00f3. <img loading=\"lazy\" decoding=\"async\" height=\"16\" width=\"16\" scale=\"0\" alt=\"&#x1f4aa;\" src=\"https:\/\/static.xx.fbcdn.net\/images\/emoji.php\/v9\/tb\/2\/16\/1f4aa.png\"> Volem donar les gr\u00e0cies a totes les persones que han participat d&#8217;una forma o una altra, assistint als esdeveniments organitzats per la Rotllana, comprant llibres, donant etc. i especialment a Fcf Federacio Catalana per donar pilotes, a Faibo per donar material educatiu, i a @bic_group per la donaci\u00f3 de bolis. <\/p>\n\n\n\n<p>El professorat ens ha transm\u00e8s la seva alegria de poder repartir el nou material escolar entre el seu alumnat i sentir que poden col\u00b7laborar amb nosaltres i l&#8217;Associaci\u00f3 Same Oumarly per al desenvolupament del poble de Gumal. <img loading=\"lazy\" decoding=\"async\" height=\"16\" width=\"16\" scale=\"0\" alt=\"&#x263a;&#xfe0f;\" src=\"https:\/\/static.xx.fbcdn.net\/images\/emoji.php\/v9\/t7c\/2\/16\/263a.png\"> Recorda que pots fer un donatiu al nostre compte bancari: ES45 2100 5673 1613 0006 5517 de CaixaBank o reservant llibres en la nostra llibreria!<\/p>\n\n\n\n<figure class=\"wp-block-gallery columns-3 is-cropped wp-block-gallery-1 is-layout-flex wp-block-gallery-is-layout-flex\"><ul class=\"blocks-gallery-grid\"><li class=\"blocks-gallery-item\"><figure><img loading=\"lazy\" decoding=\"async\" width=\"1024\" height=\"768\" src=\"https:\/\/rotllana.cat\/escolagumal\/wp-content\/uploads\/2021\/12\/WhatsApp-Image-2021-11-19-at-18.27.48-1024x768.jpeg\" alt=\"\" data-id=\"1272\" data-full-url=\"https:\/\/rotllana.cat\/escolagumal\/wp-content\/uploads\/2021\/12\/WhatsApp-Image-2021-11-19-at-18.27.48.jpeg\" data-link=\"https:\/\/rotllana.cat\/escolagumal\/2021\/12\/23\/nou-material-escolar-a-lescola-gumal\/whatsapp-image-2021-11-19-at-18-27-48\/\" class=\"wp-image-1272\" srcset=\"https:\/\/rotllana.cat\/escolagumal\/wp-content\/uploads\/2021\/12\/WhatsApp-Image-2021-11-19-at-18.27.48-1024x768.jpeg 1024w, https:\/\/rotllana.cat\/escolagumal\/wp-content\/uploads\/2021\/12\/WhatsApp-Image-2021-11-19-at-18.27.48-300x225.jpeg 300w, https:\/\/rotllana.cat\/escolagumal\/wp-content\/uploads\/2021\/12\/WhatsApp-Image-2021-11-19-at-18.27.48-768x576.jpeg 768w, https:\/\/rotllana.cat\/escolagumal\/wp-content\/uploads\/2021\/12\/WhatsApp-Image-2021-11-19-at-18.27.48-1536x1152.jpeg 1536w, https:\/\/rotllana.cat\/escolagumal\/wp-content\/uploads\/2021\/12\/WhatsApp-Image-2021-11-19-at-18.27.48.jpeg 1600w\" sizes=\"auto, (max-width: 1024px) 100vw, 1024px\" \/><\/figure><\/li><li class=\"blocks-gallery-item\"><figure><img loading=\"lazy\" decoding=\"async\" width=\"1024\" height=\"576\" src=\"https:\/\/rotllana.cat\/escolagumal\/wp-content\/uploads\/2021\/12\/WhatsApp-Image-2021-11-23-at-17.50.10-1-1024x576.jpeg\" alt=\"\" data-id=\"1283\" data-full-url=\"https:\/\/rotllana.cat\/escolagumal\/wp-content\/uploads\/2021\/12\/WhatsApp-Image-2021-11-23-at-17.50.10-1.jpeg\" data-link=\"https:\/\/rotllana.cat\/escolagumal\/?attachment_id=1283\" class=\"wp-image-1283\" srcset=\"https:\/\/rotllana.cat\/escolagumal\/wp-content\/uploads\/2021\/12\/WhatsApp-Image-2021-11-23-at-17.50.10-1-1024x576.jpeg 1024w, https:\/\/rotllana.cat\/escolagumal\/wp-content\/uploads\/2021\/12\/WhatsApp-Image-2021-11-23-at-17.50.10-1-300x169.jpeg 300w, https:\/\/rotllana.cat\/escolagumal\/wp-content\/uploads\/2021\/12\/WhatsApp-Image-2021-11-23-at-17.50.10-1-768x432.jpeg 768w, https:\/\/rotllana.cat\/escolagumal\/wp-content\/uploads\/2021\/12\/WhatsApp-Image-2021-11-23-at-17.50.10-1-1536x864.jpeg 1536w, https:\/\/rotllana.cat\/escolagumal\/wp-content\/uploads\/2021\/12\/WhatsApp-Image-2021-11-23-at-17.50.10-1.jpeg 1600w\" sizes=\"auto, (max-width: 1024px) 100vw, 1024px\" \/><\/figure><\/li><li class=\"blocks-gallery-item\"><figure><img loading=\"lazy\" decoding=\"async\" width=\"767\" height=\"1024\" src=\"https:\/\/rotllana.cat\/escolagumal\/wp-content\/uploads\/2021\/12\/WhatsApp-Image-2021-12-22-at-14.53.29-1-767x1024.jpeg\" alt=\"\" data-id=\"1284\" data-full-url=\"https:\/\/rotllana.cat\/escolagumal\/wp-content\/uploads\/2021\/12\/WhatsApp-Image-2021-12-22-at-14.53.29-1.jpeg\" data-link=\"https:\/\/rotllana.cat\/escolagumal\/?attachment_id=1284\" class=\"wp-image-1284\" srcset=\"https:\/\/rotllana.cat\/escolagumal\/wp-content\/uploads\/2021\/12\/WhatsApp-Image-2021-12-22-at-14.53.29-1-767x1024.jpeg 767w, https:\/\/rotllana.cat\/escolagumal\/wp-content\/uploads\/2021\/12\/WhatsApp-Image-2021-12-22-at-14.53.29-1-225x300.jpeg 225w, https:\/\/rotllana.cat\/escolagumal\/wp-content\/uploads\/2021\/12\/WhatsApp-Image-2021-12-22-at-14.53.29-1-768x1025.jpeg 768w, https:\/\/rotllana.cat\/escolagumal\/wp-content\/uploads\/2021\/12\/WhatsApp-Image-2021-12-22-at-14.53.29-1.jpeg 809w\" sizes=\"auto, (max-width: 767px) 100vw, 767px\" \/><\/figure><\/li><li class=\"blocks-gallery-item\"><figure><img loading=\"lazy\" decoding=\"async\" width=\"768\" height=\"1024\" src=\"https:\/\/rotllana.cat\/escolagumal\/wp-content\/uploads\/2021\/12\/WhatsApp-Image-2021-12-17-at-14.18.37-1-768x1024.jpeg\" alt=\"\" data-id=\"1285\" data-full-url=\"https:\/\/rotllana.cat\/escolagumal\/wp-content\/uploads\/2021\/12\/WhatsApp-Image-2021-12-17-at-14.18.37-1.jpeg\" data-link=\"https:\/\/rotllana.cat\/escolagumal\/?attachment_id=1285\" class=\"wp-image-1285\" srcset=\"https:\/\/rotllana.cat\/escolagumal\/wp-content\/uploads\/2021\/12\/WhatsApp-Image-2021-12-17-at-14.18.37-1-768x1024.jpeg 768w, https:\/\/rotllana.cat\/escolagumal\/wp-content\/uploads\/2021\/12\/WhatsApp-Image-2021-12-17-at-14.18.37-1-225x300.jpeg 225w, https:\/\/rotllana.cat\/escolagumal\/wp-content\/uploads\/2021\/12\/WhatsApp-Image-2021-12-17-at-14.18.37-1.jpeg 780w\" sizes=\"auto, (max-width: 768px) 100vw, 768px\" \/><\/figure><\/li><li class=\"blocks-gallery-item\"><figure><img loading=\"lazy\" decoding=\"async\" width=\"968\" height=\"968\" src=\"https:\/\/rotllana.cat\/escolagumal\/wp-content\/uploads\/2021\/12\/WhatsApp-Image-2021-12-17-at-16.58.16-1.jpeg\" alt=\"\" data-id=\"1286\" data-full-url=\"https:\/\/rotllana.cat\/escolagumal\/wp-content\/uploads\/2021\/12\/WhatsApp-Image-2021-12-17-at-16.58.16-1.jpeg\" data-link=\"https:\/\/rotllana.cat\/escolagumal\/?attachment_id=1286\" class=\"wp-image-1286\" srcset=\"https:\/\/rotllana.cat\/escolagumal\/wp-content\/uploads\/2021\/12\/WhatsApp-Image-2021-12-17-at-16.58.16-1.jpeg 968w, https:\/\/rotllana.cat\/escolagumal\/wp-content\/uploads\/2021\/12\/WhatsApp-Image-2021-12-17-at-16.58.16-1-300x300.jpeg 300w, https:\/\/rotllana.cat\/escolagumal\/wp-content\/uploads\/2021\/12\/WhatsApp-Image-2021-12-17-at-16.58.16-1-150x150.jpeg 150w, https:\/\/rotllana.cat\/escolagumal\/wp-content\/uploads\/2021\/12\/WhatsApp-Image-2021-12-17-at-16.58.16-1-768x768.jpeg 768w\" sizes=\"auto, (max-width: 968px) 100vw, 968px\" \/><\/figure><\/li><\/ul><\/figure>\n","protected":false},"excerpt":{"rendered":"<p>Com cada any, tornem a enviar material escolar b\u00e0sic a l&#8217;escola de Gumal perqu\u00e8 tots els nens i nenes de Gumal tinguin acc\u00e9s a la instrucci\u00f3 i educaci\u00f3. Volem donar les gr\u00e0cies a totes les persones que han participat d&#8217;una forma o una altra, assistint als esdeveniments organitzats per la Rotllana, comprant llibres, donant etc. [&hellip;]<\/p>\n","protected":false},"author":1,"featured_media":1287,"parent":0,"menu_order":0,"comment_status":"closed","ping_status":"closed","template":"","meta":{"footnotes":""},"class_list":["post-1282","page","type-page","status-publish","has-post-thumbnail","hentry"],"_links":{"self":[{"href":"https:\/\/rotllana.cat\/escolagumal\/wp-json\/wp\/v2\/pages\/1282","targetHints":{"allow":["GET"]}}],"collection":[{"href":"https:\/\/rotllana.cat\/escolagumal\/wp-json\/wp\/v2\/pages"}],"about":[{"href":"https:\/\/rotllana.cat\/escolagumal\/wp-json\/wp\/v2\/types\/page"}],"author":[{"embeddable":true,"href":"https:\/\/rotllana.cat\/escolagumal\/wp-json\/wp\/v2\/users\/1"}],"replies":[{"embeddable":true,"href":"https:\/\/rotllana.cat\/escolagumal\/wp-json\/wp\/v2\/comments?post=1282"}],"version-history":[{"count":1,"href":"https:\/\/rotllana.cat\/escolagumal\/wp-json\/wp\/v2\/pages\/1282\/revisions"}],"predecessor-version":[{"id":1288,"href":"https:\/\/rotllana.cat\/escolagumal\/wp-json\/wp\/v2\/pages\/1282\/revisions\/1288"}],"wp:featuredmedia":[{"embeddable":true,"href":"https:\/\/rotllana.cat\/escolagumal\/wp-json\/wp\/v2\/media\/1287"}],"wp:attachment":[{"href":"https:\/\/rotllana.cat\/escolagumal\/wp-json\/wp\/v2\/media?parent=1282"}],"curies":[{"name":"wp","href":"https:\/\/api.w.org\/{rel}","templated":true}]}}