{"id":1356,"date":"2026-03-17T11:36:10","date_gmt":"2026-03-17T11:36:10","guid":{"rendered":"https:\/\/rotllana.cat\/escolagumal\/?page_id=1356"},"modified":"2026-03-24T09:57:59","modified_gmt":"2026-03-24T09:57:59","slug":"lassociacio-de-gumal-sare-omar-ly","status":"publish","type":"page","link":"https:\/\/rotllana.cat\/escolagumal\/lassociacio-de-gumal-sare-omar-ly\/","title":{"rendered":"Associaci\u00f3 de \u201cGumal-Sare Omar ly\u201d"},"content":{"rendered":"\n<h2 class=\"wp-block-heading has-text-align-center has-black-color has-text-color\"><strong>Associaci\u00f3 de \u201cGumal-Sare Omar ly\u201d<\/strong><\/h2>\n\n\n\n<p class=\"has-black-color has-text-color\">Aquesta associaci\u00f3 amb una hist\u00f2ria oficial recent, oficialment reconeguda pel govern de Senegal al 2017, es comen\u00e7a a gestar durant l\u2019any 2015, i porta un proc\u00e9s de m\u00e9s d\u2019un any de treball per a la seva posada en marxa i constituci\u00f3 oficial, fins finalment convertir-se en una organitzaci\u00f3 funcional.&nbsp;<\/p>\n\n\n\n<p class=\"has-black-color has-text-color has-link-color wp-elements-b39741426b9daab09acf78bad0ae1434\">L\u2019associaci\u00f3 neix a partir de la sensibilitzaci\u00f3 dels habitants del poble per unir esfor\u00e7os amb els fills del poble immigrats en diferents llocs del m\u00f3n, amb tal de millorar les condicions materials i socials del poble de Gumal.&nbsp;<\/p>\n\n\n\n<p class=\"has-black-color has-text-color has-link-color wp-elements-6913a9ab855c40773bdf256fcc6df14c\">En l\u2019actualitat en principal objectiu de l\u2019associaci\u00f3 es centre en aconseguir la creaci\u00f3 de la primera escola en condicions del poble per atendre als seus nens. Fins el moment els \u00e8xits de l\u2019associaci\u00f3 visualment potser poden no semblar molt grans, per\u00f2 per la realitat social de Senegal si que representen grans passos a nivell local per l\u2019historia del poble.&nbsp;<\/p>\n\n\n\n<p class=\"has-black-color has-text-color\">En primer lloc registrar oficialment l\u2019associaci\u00f3. El que a casa nostra entenem com el proc\u00e9s f\u00e0cil i senzill de formalitzar i legalitzar una ONG o associaci\u00f3, a Senegal \u00e9s molt dificult\u00f3s per diverses raons com; les mancances de mitjans materials, les dificultats personals de la poblaci\u00f3, i la manca de cultura i hist\u00f2ria associativa segons la nostra cultura i manera d\u2019entendre.&nbsp;Donat aquest primer pas de constituir-se, el segon gran \u00e8xit de l\u2019associaci\u00f3 Gumal-Sare Omar ly ha estat, aconseguir el reconeixement de govern central del Senegal a rebre la designaci\u00f3 d\u2019un mestre per la seva escola, i aconseguir aixecar la primera estructura f\u00edsica que els hi permetis comen\u00e7ar amb l\u2019activitat educativa al poble. En definitiva \u201cla primera escola en la hist\u00f2ria.<\/p>\n\n\n\n<p><strong><a href=\"https:\/\/rotllana.cat\/escolagumal\/lassociacio-la-rotllana\/\" data-type=\"page\" data-id=\"1359\">Associaci\u00f3 La Rotllana<\/a><\/strong><\/p>\n\n\n\n<p><\/p>\n","protected":false},"excerpt":{"rendered":"<p>Associaci\u00f3 de \u201cGumal-Sare Omar ly\u201d Aquesta associaci\u00f3 amb una hist\u00f2ria oficial recent, oficialment reconeguda pel govern de Senegal al 2017, es comen\u00e7a a gestar durant l\u2019any 2015, i porta un proc\u00e9s de m\u00e9s d\u2019un any de treball per a la seva posada en marxa i constituci\u00f3 oficial, fins finalment convertir-se en una organitzaci\u00f3 funcional.&nbsp; L\u2019associaci\u00f3 [&hellip;]<\/p>\n","protected":false},"author":1,"featured_media":0,"parent":0,"menu_order":0,"comment_status":"closed","ping_status":"closed","template":"","meta":{"footnotes":""},"class_list":["post-1356","page","type-page","status-publish","hentry"],"_links":{"self":[{"href":"https:\/\/rotllana.cat\/escolagumal\/wp-json\/wp\/v2\/pages\/1356","targetHints":{"allow":["GET"]}}],"collection":[{"href":"https:\/\/rotllana.cat\/escolagumal\/wp-json\/wp\/v2\/pages"}],"about":[{"href":"https:\/\/rotllana.cat\/escolagumal\/wp-json\/wp\/v2\/types\/page"}],"author":[{"embeddable":true,"href":"https:\/\/rotllana.cat\/escolagumal\/wp-json\/wp\/v2\/users\/1"}],"replies":[{"embeddable":true,"href":"https:\/\/rotllana.cat\/escolagumal\/wp-json\/wp\/v2\/comments?post=1356"}],"version-history":[{"count":5,"href":"https:\/\/rotllana.cat\/escolagumal\/wp-json\/wp\/v2\/pages\/1356\/revisions"}],"predecessor-version":[{"id":1392,"href":"https:\/\/rotllana.cat\/escolagumal\/wp-json\/wp\/v2\/pages\/1356\/revisions\/1392"}],"wp:attachment":[{"href":"https:\/\/rotllana.cat\/escolagumal\/wp-json\/wp\/v2\/media?parent=1356"}],"curies":[{"name":"wp","href":"https:\/\/api.w.org\/{rel}","templated":true}]}}