{"id":1359,"date":"2026-03-17T11:36:17","date_gmt":"2026-03-17T11:36:17","guid":{"rendered":"https:\/\/rotllana.cat\/escolagumal\/?page_id=1359"},"modified":"2026-03-24T09:55:23","modified_gmt":"2026-03-24T09:55:23","slug":"lassociacio-la-rotllana","status":"publish","type":"page","link":"https:\/\/rotllana.cat\/escolagumal\/lassociacio-la-rotllana\/","title":{"rendered":"Associaci\u00f3 La Rotllana"},"content":{"rendered":"\n<h2 class=\"wp-block-heading has-text-align-center has-black-color has-text-color\"><strong>Associaci\u00f3 La Rotllana<\/strong><\/h2>\n\n\n<div class=\"wp-block-image\">\n<figure class=\"aligncenter size-large\"><a href=\"https:\/\/rotllana.cat\/\"><img loading=\"lazy\" decoding=\"async\" width=\"1024\" height=\"458\" src=\"https:\/\/rotllana.cat\/escolagumal\/wp-content\/uploads\/2021\/05\/WhatsApp-Image-2021-05-28-at-12.46.55-1024x458.jpeg\" alt=\"\" class=\"wp-image-937\" srcset=\"https:\/\/rotllana.cat\/escolagumal\/wp-content\/uploads\/2021\/05\/WhatsApp-Image-2021-05-28-at-12.46.55-1024x458.jpeg 1024w, https:\/\/rotllana.cat\/escolagumal\/wp-content\/uploads\/2021\/05\/WhatsApp-Image-2021-05-28-at-12.46.55-300x134.jpeg 300w, https:\/\/rotllana.cat\/escolagumal\/wp-content\/uploads\/2021\/05\/WhatsApp-Image-2021-05-28-at-12.46.55-768x344.jpeg 768w, https:\/\/rotllana.cat\/escolagumal\/wp-content\/uploads\/2021\/05\/WhatsApp-Image-2021-05-28-at-12.46.55-1536x687.jpeg 1536w, https:\/\/rotllana.cat\/escolagumal\/wp-content\/uploads\/2021\/05\/WhatsApp-Image-2021-05-28-at-12.46.55.jpeg 1600w\" sizes=\"auto, (max-width: 1024px) 100vw, 1024px\" \/><\/a><\/figure><\/div>\n\n\n<p class=\"has-black-color has-text-color has-link-color wp-elements-f0d365896cb2572f81b37bdf49a60400\">L\u2019Associaci\u00f3 La Rotllana \u00e9s una entitat sense \u00e0nim de lucre i d\u2019utilitat p\u00fablica amb seu social a la ciutat de Badalona. Amb \u200b\u200bla finalitat de millorar la qualitat de vida dels infants, els joves i les seves comunitats, a trav\u00e9s de l&#8217;educaci\u00f3 no formal i social i l&#8217;animaci\u00f3 sociocultural.&nbsp;<\/p>\n\n\n\n<p class=\"has-black-color has-text-color has-link-color wp-elements-0d7a4e08fb2d42666fedc4d2641207d3\">Amb m\u00e9s de 35 anys d&#8217;experi\u00e8ncia. La nostra dimensi\u00f3 internacional i el nostre millor valor s\u00f3n les persones que conformen l\u2019organitzaci\u00f3, s\u00f3n dues de les nostres caracter\u00edstiques que m\u00e9s ens identifiquen, conjuntament a la nostra composici\u00f3 multicultural i comprom\u00eds local.<\/p>\n\n\n\n<p class=\"has-black-color has-text-color has-link-color wp-elements-f4239810fe99fa9af725bee57659f0c9\">Com a associaci\u00f3 hem crescut paral\u00b7lelament als programes europeus i amb la cooperaci\u00f3 arreu del m\u00f3n. Per aix\u00f2 la nostra identificaci\u00f3 amb els valors socioeducatius i comunitaris conjuntament als objectius d\u2019apropar l\u2019educaci\u00f3 als infants i contribuir a la justicia social.&nbsp;<\/p>\n\n\n\n<p class=\"has-black-color has-text-color has-link-color wp-elements-244f8a4a64acb27372798b66fbe1f526\">El nostre marc d\u2019acci\u00f3 neix des d\u2019una base comunit\u00e0ria de comprom\u00eds territorial oferint oportunitats a infants i joves d\u2019entorns desafavorits.&nbsp; Dins La Rotllana tenim 5 l\u00ednies de treballar:<\/p>\n\n\n\n<ul class=\"wp-block-list\">\n<li class=\"has-black-color has-text-color has-link-color wp-elements-0579a356633384b39fdc1381a7be5571\">Secci\u00f3 Infantil: espai diari d\u2019activitats de lleure i de casals accessibles i inclusius.<\/li>\n\n\n\n<li class=\"has-black-color has-text-color has-link-color wp-elements-0872eec411e98306e5d736b318a209db\">Secci\u00f3 juvenil: propostes socioeducatives i d\u2019animaci\u00f3 culturals a la seu per\u00f2 sobretot directament en col\u00b7laboraci\u00f3 en els centres educatius. Conjuntament a la projecci\u00f3 de capacitaci\u00f3 juvenil amb els projectes APS, Aprenentatge i Servei.<\/li>\n\n\n\n<li class=\"has-black-color has-text-color has-link-color wp-elements-574ed29f8986a58ae8858ddbee4702f6\">Secci\u00f3 socioesportiva: Espai socioeducatiu juvenil on utilitzem l\u2019esport com a vehicle educatiu i inclusiu.<\/li>\n\n\n\n<li class=\"has-black-color has-text-color has-link-color wp-elements-997ccf697365fe201249f84de4f94317\">Secci\u00f3 sociocomunit\u00e0ria: propostes m\u00e9s \u00e0mplies amb un impacte major a la comunitat dels nostres barris on s\u2019organitzen esdeveniments comunitaris com per exemple la R\u00e0dio Pangea, el Concurs de M\u00fasica emergent o l\u2019Estiu a la Pla\u00e7a amb l\u2019objectiu de fomentar la conviv\u00e8ncia intergeneracional, la multiculturalitat i la diversitat.<\/li>\n\n\n\n<li class=\"has-black-color has-text-color has-link-color wp-elements-25ea0d192682cd89c58184d2d5836dac\">Secci\u00f3 Internacional: dividida en dues parts, els projectes internacionals cofinan\u00e7ats per la Comissi\u00f3 Europea per aproximar la solidaritat entre comunitats i els projectes de cooperaci\u00f3 on a trav\u00e9s d\u2019accions de sensibilitzaci\u00f3 contribu\u00efm amb les necessitats d\u2019altres estructures com la Gumal.<\/li>\n<\/ul>\n\n\n\n<p class=\"has-black-color has-text-color has-link-color wp-elements-0fedc38126c319615d2208be65f3c68a\">En els darrers anys hem establert uns forts lligams amb el municipi de Santa Maria de Palautordera on col\u00b7laborem i cooperem amb entitats del poble i amb el mateix ajuntament.<\/p>\n\n\n\n<p class=\"has-black-color has-text-color has-link-color wp-elements-5e48ca90d3bf820c075743266c4bf8fa\">La relaci\u00f3 amb el Senegal es va encetar en el 2014, a l&#8217;entrar en contacte amb la poblaci\u00f3 senegalesa immigrada al mateix municipi, a la que s&#8217;hi va donar suport per fer arribar una ambul\u00e0ncia al poble de Dar el Salam, tamb\u00e9 a la regi\u00f3 de Tambacounda. Mitjan\u00e7ant diverses campanyes econ\u00f2miques es va aconseguir comprar una ambul\u00e0ncia de segona m\u00e0 a Catalunya, es va revisar rigorosament i es va tornar a reequipar, per ser enviada a <em>la casa de salut, <\/em>equivalent a un centre de salut rural, del poble de Sar el Salam, a on continua donant servei.&nbsp;<\/p>\n\n\n\n<p class=\"has-black-color has-text-color has-link-color wp-elements-b278a4b95c5de2670b0cd3ecd00838d3\">Posteriorment a l&#8217;aconseguiment de la fita de posar en servei l\u2019ambul\u00e0ncia el seg\u00fcent repte va ser doble:&nbsp;<\/p>\n\n\n\n<ul class=\"wp-block-list\">\n<li class=\"has-black-color has-text-color has-link-color wp-elements-15d81dbd24e7d1d50248dacc53adc04d\">Donar suport a la constituci\u00f3 d\u2019una associaci\u00f3 al poble de Gumal, l\u2019actual Associaci\u00f3 Sare Omar ly.\u00a0<\/li>\n\n\n\n<li class=\"has-black-color has-text-color has-link-color wp-elements-7c165f5dd563d9d6b3392418a5a2e114\">Ajudar als habitants de Gumal a construir i posar en marxa la seva primera escola en la hist\u00f2ria del poble. L\u2019assignaci\u00f3 del primer professor i la posada en marxa del primer espai educatiu es va aconseguir durant l\u2019any 2017. M\u00e9s tard, vam contribuir a construir l\u2019equipament escolar definitiu a Gumal.<\/li>\n<\/ul>\n\n\n\n<p><strong><a href=\"https:\/\/rotllana.cat\/escolagumal\/lassociacio-de-gumal-sare-omar-ly\/\" data-type=\"page\" data-id=\"1356\">Associaci\u00f3 Gumal-Sare Omar ly<\/a><\/strong><\/p>\n\n\n\n<p><\/p>\n","protected":false},"excerpt":{"rendered":"<p>Associaci\u00f3 La Rotllana L\u2019Associaci\u00f3 La Rotllana \u00e9s una entitat sense \u00e0nim de lucre i d\u2019utilitat p\u00fablica amb seu social a la ciutat de Badalona. Amb \u200b\u200bla finalitat de millorar la qualitat de vida dels infants, els joves i les seves comunitats, a trav\u00e9s de l&#8217;educaci\u00f3 no formal i social i l&#8217;animaci\u00f3 sociocultural.&nbsp; Amb m\u00e9s de [&hellip;]<\/p>\n","protected":false},"author":1,"featured_media":0,"parent":0,"menu_order":0,"comment_status":"closed","ping_status":"closed","template":"","meta":{"footnotes":""},"class_list":["post-1359","page","type-page","status-publish","hentry"],"_links":{"self":[{"href":"https:\/\/rotllana.cat\/escolagumal\/wp-json\/wp\/v2\/pages\/1359","targetHints":{"allow":["GET"]}}],"collection":[{"href":"https:\/\/rotllana.cat\/escolagumal\/wp-json\/wp\/v2\/pages"}],"about":[{"href":"https:\/\/rotllana.cat\/escolagumal\/wp-json\/wp\/v2\/types\/page"}],"author":[{"embeddable":true,"href":"https:\/\/rotllana.cat\/escolagumal\/wp-json\/wp\/v2\/users\/1"}],"replies":[{"embeddable":true,"href":"https:\/\/rotllana.cat\/escolagumal\/wp-json\/wp\/v2\/comments?post=1359"}],"version-history":[{"count":9,"href":"https:\/\/rotllana.cat\/escolagumal\/wp-json\/wp\/v2\/pages\/1359\/revisions"}],"predecessor-version":[{"id":1391,"href":"https:\/\/rotllana.cat\/escolagumal\/wp-json\/wp\/v2\/pages\/1359\/revisions\/1391"}],"wp:attachment":[{"href":"https:\/\/rotllana.cat\/escolagumal\/wp-json\/wp\/v2\/media?parent=1359"}],"curies":[{"name":"wp","href":"https:\/\/api.w.org\/{rel}","templated":true}]}}