{"id":139,"date":"2017-12-11T15:29:01","date_gmt":"2017-12-11T15:29:01","guid":{"rendered":"https:\/\/rotllana.cat\/escolagumal\/?page_id=139"},"modified":"2026-03-24T08:32:30","modified_gmt":"2026-03-24T08:32:30","slug":"escola-a-gumal","status":"publish","type":"page","link":"https:\/\/rotllana.cat\/escolagumal\/","title":{"rendered":"ESCOLA A GUMAL"},"content":{"rendered":"\n<p class=\"has-black-color has-text-color\"><strong>El pueblo de Gumal ya tiene su primera escuela en la historia del pueblo; los ni\u00f1os, sus padres y la comunidad entera siguen necesitando tu ayuda para evitar la inmigraci\u00f3n forzosa, y que los ni\u00f1os puedan tener una calidad de vida suficiente&#8230;continua visitando nuestro blog * Gumal y no dejes de contribuir con tu ayuda, gracias!<\/strong><\/p>\n\n\n\n<p><\/p>\n","protected":false},"excerpt":{"rendered":"<p>El pueblo de Gumal ya tiene su primera escuela en la historia del pueblo; los ni\u00f1os, sus padres y la comunidad entera siguen necesitando tu ayuda para evitar la inmigraci\u00f3n forzosa, y que los ni\u00f1os puedan tener una calidad de vida suficiente&#8230;continua visitando nuestro blog * Gumal y no dejes de contribuir con tu ayuda, [&hellip;]<\/p>\n","protected":false},"author":1,"featured_media":30,"parent":0,"menu_order":0,"comment_status":"closed","ping_status":"closed","template":"","meta":{"footnotes":""},"class_list":["post-139","page","type-page","status-publish","has-post-thumbnail","hentry"],"_links":{"self":[{"href":"https:\/\/rotllana.cat\/escolagumal\/wp-json\/wp\/v2\/pages\/139","targetHints":{"allow":["GET"]}}],"collection":[{"href":"https:\/\/rotllana.cat\/escolagumal\/wp-json\/wp\/v2\/pages"}],"about":[{"href":"https:\/\/rotllana.cat\/escolagumal\/wp-json\/wp\/v2\/types\/page"}],"author":[{"embeddable":true,"href":"https:\/\/rotllana.cat\/escolagumal\/wp-json\/wp\/v2\/users\/1"}],"replies":[{"embeddable":true,"href":"https:\/\/rotllana.cat\/escolagumal\/wp-json\/wp\/v2\/comments?post=139"}],"version-history":[{"count":5,"href":"https:\/\/rotllana.cat\/escolagumal\/wp-json\/wp\/v2\/pages\/139\/revisions"}],"predecessor-version":[{"id":1371,"href":"https:\/\/rotllana.cat\/escolagumal\/wp-json\/wp\/v2\/pages\/139\/revisions\/1371"}],"wp:featuredmedia":[{"embeddable":true,"href":"https:\/\/rotllana.cat\/escolagumal\/wp-json\/wp\/v2\/media\/30"}],"wp:attachment":[{"href":"https:\/\/rotllana.cat\/escolagumal\/wp-json\/wp\/v2\/media?parent=139"}],"curies":[{"name":"wp","href":"https:\/\/api.w.org\/{rel}","templated":true}]}}