{"id":1397,"date":"2026-03-30T08:07:24","date_gmt":"2026-03-30T08:07:24","guid":{"rendered":"https:\/\/rotllana.cat\/escolagumal\/?page_id=1397"},"modified":"2026-03-30T08:10:50","modified_gmt":"2026-03-30T08:10:50","slug":"contacte","status":"publish","type":"page","link":"https:\/\/rotllana.cat\/escolagumal\/contacte\/","title":{"rendered":"CONTACTE"},"content":{"rendered":"\n<h2 class=\"wp-block-heading has-text-align-center has-black-color has-text-color\"><strong>CONTACTE<\/strong><\/h2>\n\n\n\n<div class=\"wpcf7 no-js\" id=\"wpcf7-f1399-o1\" lang=\"es-ES\" dir=\"ltr\" data-wpcf7-id=\"1399\">\n<div class=\"screen-reader-response\"><p role=\"status\" aria-live=\"polite\" aria-atomic=\"true\"><\/p> <ul><\/ul><\/div>\n<form action=\"\/escolagumal\/wp-json\/wp\/v2\/pages\/1397#wpcf7-f1399-o1\" method=\"post\" class=\"wpcf7-form init\" aria-label=\"Formulario de contacto\" novalidate=\"novalidate\" data-status=\"init\">\n<fieldset class=\"hidden-fields-container\"><input type=\"hidden\" name=\"_wpcf7\" value=\"1399\" \/><input type=\"hidden\" name=\"_wpcf7_version\" value=\"6.1.5\" \/><input type=\"hidden\" name=\"_wpcf7_locale\" value=\"es_ES\" \/><input type=\"hidden\" name=\"_wpcf7_unit_tag\" value=\"wpcf7-f1399-o1\" \/><input type=\"hidden\" name=\"_wpcf7_container_post\" value=\"0\" \/><input type=\"hidden\" name=\"_wpcf7_posted_data_hash\" value=\"\" \/><input type=\"hidden\" name=\"_wpcf7cf_hidden_group_fields\" value=\"[]\" \/><input type=\"hidden\" name=\"_wpcf7cf_hidden_groups\" value=\"[]\" \/><input type=\"hidden\" name=\"_wpcf7cf_visible_groups\" value=\"[]\" \/><input type=\"hidden\" name=\"_wpcf7cf_repeaters\" value=\"[]\" \/><input type=\"hidden\" name=\"_wpcf7cf_steps\" value=\"{}\" \/><input type=\"hidden\" name=\"_wpcf7cf_options\" value=\"{&quot;form_id&quot;:1399,&quot;conditions&quot;:[],&quot;settings&quot;:{&quot;animation&quot;:&quot;yes&quot;,&quot;animation_intime&quot;:200,&quot;animation_outtime&quot;:200,&quot;conditions_ui&quot;:&quot;normal&quot;,&quot;notice_dismissed&quot;:false}}\" \/><input type=\"hidden\" name=\"redirect_nonce\" value=\"170ef58d20\" \/><input type=\"hidden\" name=\"wpcf7cfpdf_hidden_name\" value=\"document-pdf\" \/><input type=\"hidden\" name=\"wpcf7cfpdf_hidden_reference\" value=\"a3cb89ce\" \/><input type=\"hidden\" name=\"wpcf7cfpdf_hidden_date\" value=\"04082026\" \/>\n<\/fieldset>\n<p><label> Nombre completo<br \/>\n<span class=\"wpcf7-form-control-wrap\" data-name=\"your-name\"><input size=\"40\" maxlength=\"400\" class=\"wpcf7-form-control wpcf7-text wpcf7-validates-as-required\" aria-required=\"true\" aria-invalid=\"false\" placeholder=\"Escribe tu nombre\" value=\"\" type=\"text\" name=\"your-name\" \/><\/span><br \/>\n<\/label>\n<\/p>\n<p><label> Correo electr\u00f3nico<br \/>\n<span class=\"wpcf7-form-control-wrap\" data-name=\"your-email\"><input size=\"40\" maxlength=\"400\" class=\"wpcf7-form-control wpcf7-email wpcf7-validates-as-required wpcf7-text wpcf7-validates-as-email\" aria-required=\"true\" aria-invalid=\"false\" placeholder=\"ejemplo@email.com\" value=\"\" type=\"email\" name=\"your-email\" \/><\/span><br \/>\n<\/label>\n<\/p>\n<p><label> Asunto<br \/>\n<span class=\"wpcf7-form-control-wrap\" data-name=\"your-subject\"><input size=\"40\" maxlength=\"400\" class=\"wpcf7-form-control wpcf7-text\" aria-invalid=\"false\" placeholder=\"Motivo del mensaje\" value=\"\" type=\"text\" name=\"your-subject\" \/><\/span><br \/>\n<\/label>\n<\/p>\n<p><label> Mensaje<br \/>\n<span class=\"wpcf7-form-control-wrap\" data-name=\"your-message\"><textarea cols=\"40\" rows=\"10\" maxlength=\"2000\" class=\"wpcf7-form-control wpcf7-textarea wpcf7-validates-as-required\" aria-required=\"true\" aria-invalid=\"false\" placeholder=\"Escribe tu mensaje aqu\u00ed...\" name=\"your-message\"><\/textarea><\/span><br \/>\n<\/label>\n<\/p>\n<p><label><br \/>\n<span class=\"wpcf7-form-control-wrap\" data-name=\"your-consent\"><span class=\"wpcf7-form-control wpcf7-checkbox wpcf7-validates-as-required\"><\/span><\/span> Acepto la pol\u00edtica de privacidad<br \/>\n<\/label>\n<\/p>\n<p><input class=\"wpcf7-form-control wpcf7-submit has-spinner\" type=\"submit\" value=\"Enviar\" \/>\n<\/p><div class=\"wpcf7-response-output\" aria-hidden=\"true\"><\/div>\n<\/form>\n<\/div>\n\n\n\n\n<p class=\"has-black-color has-text-color\"><strong>Correu electr\u00f2nic:&nbsp; <\/strong><a href=\"mailto:rotllana@rotllana.cat\"><strong>rotllana@rotllana.cat<\/strong><\/a><\/p>\n\n\n\n<p class=\"has-black-color has-text-color has-link-color wp-elements-fcc0771b676434b8ea721818434033b5\"><strong>Tel\u00e8fon: +34 933970585<\/strong><\/p>\n\n\n\n<p class=\"has-black-color has-text-color has-link-color wp-elements-899a711b4ecad21d6e7d357fffeb4f1b\"><strong>Direcci\u00f3: Carrer Ricard Strauss n\u00ba 30, 08914 Badalona<\/strong><\/p>\n\n\n\n<p class=\"has-black-color has-text-color\"><strong>Personal de contacte: Enric<\/strong><\/p>\n","protected":false},"excerpt":{"rendered":"<p>CONTACTE Correu electr\u00f2nic:&nbsp; rotllana@rotllana.cat Tel\u00e8fon: +34 933970585 Direcci\u00f3: Carrer Ricard Strauss n\u00ba 30, 08914 Badalona Personal de contacte: Enric<\/p>\n","protected":false},"author":1,"featured_media":0,"parent":0,"menu_order":0,"comment_status":"closed","ping_status":"closed","template":"","meta":{"footnotes":""},"class_list":["post-1397","page","type-page","status-publish","hentry"],"_links":{"self":[{"href":"https:\/\/rotllana.cat\/escolagumal\/wp-json\/wp\/v2\/pages\/1397","targetHints":{"allow":["GET"]}}],"collection":[{"href":"https:\/\/rotllana.cat\/escolagumal\/wp-json\/wp\/v2\/pages"}],"about":[{"href":"https:\/\/rotllana.cat\/escolagumal\/wp-json\/wp\/v2\/types\/page"}],"author":[{"embeddable":true,"href":"https:\/\/rotllana.cat\/escolagumal\/wp-json\/wp\/v2\/users\/1"}],"replies":[{"embeddable":true,"href":"https:\/\/rotllana.cat\/escolagumal\/wp-json\/wp\/v2\/comments?post=1397"}],"version-history":[{"count":6,"href":"https:\/\/rotllana.cat\/escolagumal\/wp-json\/wp\/v2\/pages\/1397\/revisions"}],"predecessor-version":[{"id":1405,"href":"https:\/\/rotllana.cat\/escolagumal\/wp-json\/wp\/v2\/pages\/1397\/revisions\/1405"}],"wp:attachment":[{"href":"https:\/\/rotllana.cat\/escolagumal\/wp-json\/wp\/v2\/media?parent=1397"}],"curies":[{"name":"wp","href":"https:\/\/api.w.org\/{rel}","templated":true}]}}