{"id":149,"date":"2017-12-11T16:10:13","date_gmt":"2017-12-11T16:10:13","guid":{"rendered":"https:\/\/rotllana.cat\/escolagumal\/?page_id=149"},"modified":"2021-06-01T11:12:50","modified_gmt":"2021-06-01T11:12:50","slug":"projecte-actual","status":"publish","type":"page","link":"https:\/\/rotllana.cat\/escolagumal\/projecte-actual\/","title":{"rendered":"PROJECTE ACTUAL"},"content":{"rendered":"\n<p class=\"has-black-color has-text-color\">L&#8217;equip de La Rotllana juntament amb l&#8217;Associaci\u00f3 Gumal-Sare Omar li, estan immersos en continuar col\u00b7laborant per seguir desenvolupant el projecte educatiu que es va iniciar en 2016. <\/p>\n\n\n\n<p class=\"has-black-color has-text-color\">Actualment, el nostre comprom\u00eds segueix amb el poble de Gumal. Els nostres pr\u00f2xims objectius s\u00f3n:<\/p>\n\n\n\n<ul class=\"has-black-color has-text-color wp-block-list\"><li><strong>Construir el mur de demarcaci\u00f3 de l&#8217;escola per a evitar l&#8217;acc\u00e9s dels animals i de qualsevol estrany.<\/strong><\/li><li><strong>Garantir un curs m\u00e9s el lliurament del material escolar b\u00e0sic.<\/strong><\/li><li><strong>Proveir a l&#8217;escola d&#8217;una plaza solar per a garantir un m\u00ednim d&#8217;hores de llum artificial durant les tardes tropicals m\u00e9s curtes i fosques i aix\u00ed garantir l&#8217;acc\u00e9s al m\u00e0xim de nens i nenes a l&#8217;escola durant la jornada escolar.<\/strong><\/li><\/ul>\n\n\n\n<p class=\"has-text-align-center has-black-color has-text-color\"><strong>Objectius realitzats amb l&#8217;ajuda dels colaboradors i patrocinadors:<\/strong><\/p>\n\n\n\n<ul class=\"has-black-color has-text-color wp-block-list\"><li><strong>Construcci\u00f3 de la primera escola a Gumal, Sengal <\/strong><\/li><li><strong>Banquetes noves<\/strong><\/li><li><strong>Lliurament de material escolar de cursos passats<\/strong><\/li><\/ul>\n","protected":false},"excerpt":{"rendered":"<p>L&#8217;equip de La Rotllana juntament amb l&#8217;Associaci\u00f3 Gumal-Sare Omar li, estan immersos en continuar col\u00b7laborant per seguir desenvolupant el projecte educatiu que es va iniciar en 2016. Actualment, el nostre comprom\u00eds segueix amb el poble de Gumal. Els nostres pr\u00f2xims objectius s\u00f3n: Construir el mur de demarcaci\u00f3 de l&#8217;escola per a evitar l&#8217;acc\u00e9s dels animals [&hellip;]<\/p>\n","protected":false},"author":1,"featured_media":772,"parent":0,"menu_order":0,"comment_status":"closed","ping_status":"closed","template":"","meta":{"footnotes":""},"class_list":["post-149","page","type-page","status-publish","has-post-thumbnail","hentry"],"_links":{"self":[{"href":"https:\/\/rotllana.cat\/escolagumal\/wp-json\/wp\/v2\/pages\/149","targetHints":{"allow":["GET"]}}],"collection":[{"href":"https:\/\/rotllana.cat\/escolagumal\/wp-json\/wp\/v2\/pages"}],"about":[{"href":"https:\/\/rotllana.cat\/escolagumal\/wp-json\/wp\/v2\/types\/page"}],"author":[{"embeddable":true,"href":"https:\/\/rotllana.cat\/escolagumal\/wp-json\/wp\/v2\/users\/1"}],"replies":[{"embeddable":true,"href":"https:\/\/rotllana.cat\/escolagumal\/wp-json\/wp\/v2\/comments?post=149"}],"version-history":[{"count":7,"href":"https:\/\/rotllana.cat\/escolagumal\/wp-json\/wp\/v2\/pages\/149\/revisions"}],"predecessor-version":[{"id":1138,"href":"https:\/\/rotllana.cat\/escolagumal\/wp-json\/wp\/v2\/pages\/149\/revisions\/1138"}],"wp:featuredmedia":[{"embeddable":true,"href":"https:\/\/rotllana.cat\/escolagumal\/wp-json\/wp\/v2\/media\/772"}],"wp:attachment":[{"href":"https:\/\/rotllana.cat\/escolagumal\/wp-json\/wp\/v2\/media?parent=149"}],"curies":[{"name":"wp","href":"https:\/\/api.w.org\/{rel}","templated":true}]}}