{"id":159,"date":"2017-12-11T16:19:43","date_gmt":"2017-12-11T16:19:43","guid":{"rendered":"https:\/\/rotllana.cat\/escolagumal\/?page_id=159"},"modified":"2026-03-17T08:56:05","modified_gmt":"2026-03-17T08:56:05","slug":"que-feim","status":"publish","type":"page","link":"https:\/\/rotllana.cat\/escolagumal\/que-feim\/","title":{"rendered":"QU\u00c8 FEM"},"content":{"rendered":"\n<h2 class=\"wp-block-heading has-text-align-center has-black-color has-text-color\"><strong>EL NOSTRE TREBALL<\/strong><\/h2>\n\n\n\n<p class=\"has-black-color has-text-color\">Tot va comen\u00e7ar en 2016, quan el poble de&nbsp;Gumal&nbsp;va sol\u00b7licitar al govern del Senegal la construcci\u00f3 d&#8217;una escola al poble, ja que mai havien tingut una. Els nens i nenes en&nbsp;Sare,&nbsp;sempre han estat petits pastors, petites mares, i molt pocs han pogut anar a escola, ja que la m\u00e9s pr\u00f2xima, a tres quil\u00f2metres, no sempre era accessible per l&#8217;extrema calor de l&#8217;estiu, o per les dificultats i sorpreses que el va riure desbordat podria portar en \u00e8poques de pluja.<\/p>\n\n\n\n<p class=\"has-black-color has-text-color\">Malgrat la necessitat, les autoritats del Senegal van contestar que els era impossible la construcci\u00f3 d&#8217;un centre escolar per falta de recursos econ\u00f2mics.<\/p>\n\n\n\n<p class=\"has-black-color has-text-color\">Alguns residents en&nbsp;Gumal&nbsp;per\u00f2, cansats de&nbsp;no poder oferir res m\u00e9s als seus fills i filles, es van posar en contacte amb els seus familiars emigrats a Espanya per a demanar ajuda, i aquests al seu torn amb&nbsp;<a href=\"https:\/\/rotllana.cat\/\">La&nbsp;Rotllana<\/a>&nbsp;per a buscar la nostra col\u00b7laboraci\u00f3. Aix\u00ed va comen\u00e7ar la la nostra campanya.<\/p>\n\n\n\n<p class=\"has-black-color has-text-color\">Finalment, gr\u00e0cies a la insist\u00e8ncia dels ciutadans de&nbsp;Gumal, el govern va accedir a disposar un professor que manarien des de la capital Dakar si els ciutadans aconseguien construir una estructura b\u00e0sica. La proposta del Ministeri d&#8217;Educaci\u00f3 es va convertir en un repte per als ve\u00efns, i amb l&#8217;ajuda econ\u00f2mica necess\u00e0ria de familiars i&nbsp;La Rotllana&nbsp;van construir el primer&nbsp;<em>abric<\/em>&nbsp;o escola tradicional senegalesa per als nens i nenes.<\/p>\n\n\n\n<figure class=\"wp-block-gallery has-nested-images columns-default is-cropped wp-block-gallery-1 is-layout-flex wp-block-gallery-is-layout-flex\">\n<figure class=\"wp-block-image size-large\"><img loading=\"lazy\" decoding=\"async\" width=\"1024\" height=\"768\" data-id=\"562\" src=\"https:\/\/rotllana.cat\/escolagumal\/wp-content\/uploads\/2018\/05\/20120101_133829-1024x768.jpg\" alt=\"\" class=\"wp-image-562\" srcset=\"https:\/\/rotllana.cat\/escolagumal\/wp-content\/uploads\/2018\/05\/20120101_133829-1024x768.jpg 1024w, https:\/\/rotllana.cat\/escolagumal\/wp-content\/uploads\/2018\/05\/20120101_133829-300x225.jpg 300w, https:\/\/rotllana.cat\/escolagumal\/wp-content\/uploads\/2018\/05\/20120101_133829-768x576.jpg 768w, https:\/\/rotllana.cat\/escolagumal\/wp-content\/uploads\/2018\/05\/20120101_133829.jpg 2048w\" sizes=\"auto, (max-width: 1024px) 100vw, 1024px\" \/><\/figure>\n\n\n\n<figure class=\"wp-block-image size-large\"><img loading=\"lazy\" decoding=\"async\" width=\"1024\" height=\"768\" data-id=\"561\" src=\"https:\/\/rotllana.cat\/escolagumal\/wp-content\/uploads\/2018\/05\/20120101_133645-1024x768.jpg\" alt=\"\" class=\"wp-image-561\" srcset=\"https:\/\/rotllana.cat\/escolagumal\/wp-content\/uploads\/2018\/05\/20120101_133645-1024x768.jpg 1024w, https:\/\/rotllana.cat\/escolagumal\/wp-content\/uploads\/2018\/05\/20120101_133645-300x225.jpg 300w, https:\/\/rotllana.cat\/escolagumal\/wp-content\/uploads\/2018\/05\/20120101_133645-768x576.jpg 768w, https:\/\/rotllana.cat\/escolagumal\/wp-content\/uploads\/2018\/05\/20120101_133645.jpg 2048w\" sizes=\"auto, (max-width: 1024px) 100vw, 1024px\" \/><\/figure>\n\n\n\n<figure class=\"wp-block-image size-large\"><img loading=\"lazy\" decoding=\"async\" width=\"1024\" height=\"768\" data-id=\"563\" src=\"https:\/\/rotllana.cat\/escolagumal\/wp-content\/uploads\/2018\/05\/20120101_133845-1024x768.jpg\" alt=\"\" class=\"wp-image-563\" srcset=\"https:\/\/rotllana.cat\/escolagumal\/wp-content\/uploads\/2018\/05\/20120101_133845-1024x768.jpg 1024w, https:\/\/rotllana.cat\/escolagumal\/wp-content\/uploads\/2018\/05\/20120101_133845-300x225.jpg 300w, https:\/\/rotllana.cat\/escolagumal\/wp-content\/uploads\/2018\/05\/20120101_133845-768x576.jpg 768w, https:\/\/rotllana.cat\/escolagumal\/wp-content\/uploads\/2018\/05\/20120101_133845.jpg 2048w\" sizes=\"auto, (max-width: 1024px) 100vw, 1024px\" \/><\/figure>\n<\/figure>\n\n\n\n<p class=\"has-black-color has-text-color\">Des de&nbsp; Badalona, Catalunya, vam enviar els diners amb el qual es van poder comprar els troncs per a la construcci\u00f3 b\u00e0sica, i les parets de canya de l&#8217;escola, i posteriorment ser transportades a&nbsp;Gumal. Al poc, es van comprar les pissarres&nbsp;i guixos per l&#8217;aula. Despr\u00e9s d&#8217;aix\u00f2 va arribar el professor i el projecte d&#8217;escola es va posar en marxa.<\/p>\n\n\n\n<p class=\"has-black-color has-text-color\">A partir de gener 2017, els nens i nenes en&nbsp;Gumal&nbsp;poden anar al mat\u00ed i la tarda a l&#8217;escola del seu poble.&nbsp;Aprendre a escriure el seu nom, el dels seus germans petits, aprendre a sumar, i con\u00e8ixer coses del m\u00f3n mes all\u00e0 de les tradicionals al poble, \u00e9s una nova finestra oberta que els omple d&#8217;il\u00b7lusi\u00f3 i motivaci\u00f3 en les seves vides.<\/p>\n\n\n\n<p class=\"has-black-color has-text-color\">L&#8217;anterior estructura de l&#8217;escola era provisional, perqu\u00e8 havia de suportar les tempestes torrencials de l&#8217;\u00e8poca de pluges, i el sol i la calor de 45\u00b0 de l&#8217;\u00e8poca seca. En aquestes condicions, al costat de la precarietat de material els nens realitzaven un sobre esfor\u00e7 per a poder estudiar. \u00c9s per aix\u00f2 que ens vam proposar el repte de construir una nova escola amb dues aules, banys i un despatx per al professor. Amb la col\u00b7laboraci\u00f3 de diverses accions i la participaci\u00f3 de moltes persones vam poder aconseguir 17.000\u20ac. Gr\u00e0cies a la vostra col\u00b7laboraci\u00f3, els nens i nenes de&nbsp;Gumal&nbsp;poden tenir l&#8217;oportunitat de tenir un futur millor. A m\u00e9s durant el curs 2020\/2021, vam poder dotar als nens i nenes nous pupitres ja que els anteriors estaven en molt mal estat.<\/p>\n\n\n\n<figure class=\"wp-block-gallery has-nested-images columns-default is-cropped wp-block-gallery-2 is-layout-flex wp-block-gallery-is-layout-flex\">\n<figure class=\"wp-block-image size-large\"><img loading=\"lazy\" decoding=\"async\" width=\"1024\" height=\"768\" data-id=\"1003\" src=\"https:\/\/rotllana.cat\/escolagumal\/wp-content\/uploads\/2021\/05\/20120104_002655-1-1024x768.jpg\" alt=\"\" class=\"wp-image-1003\" srcset=\"https:\/\/rotllana.cat\/escolagumal\/wp-content\/uploads\/2021\/05\/20120104_002655-1-1024x768.jpg 1024w, https:\/\/rotllana.cat\/escolagumal\/wp-content\/uploads\/2021\/05\/20120104_002655-1-300x225.jpg 300w, https:\/\/rotllana.cat\/escolagumal\/wp-content\/uploads\/2021\/05\/20120104_002655-1-768x576.jpg 768w, https:\/\/rotllana.cat\/escolagumal\/wp-content\/uploads\/2021\/05\/20120104_002655-1-1536x1152.jpg 1536w, https:\/\/rotllana.cat\/escolagumal\/wp-content\/uploads\/2021\/05\/20120104_002655-1.jpg 2048w\" sizes=\"auto, (max-width: 1024px) 100vw, 1024px\" \/><\/figure>\n\n\n\n<figure class=\"wp-block-image size-large\"><img loading=\"lazy\" decoding=\"async\" width=\"872\" height=\"654\" data-id=\"1004\" src=\"https:\/\/rotllana.cat\/escolagumal\/wp-content\/uploads\/2021\/05\/IMG_20190329_090003.jpg\" alt=\"\" class=\"wp-image-1004\" srcset=\"https:\/\/rotllana.cat\/escolagumal\/wp-content\/uploads\/2021\/05\/IMG_20190329_090003.jpg 872w, https:\/\/rotllana.cat\/escolagumal\/wp-content\/uploads\/2021\/05\/IMG_20190329_090003-300x225.jpg 300w, https:\/\/rotllana.cat\/escolagumal\/wp-content\/uploads\/2021\/05\/IMG_20190329_090003-768x576.jpg 768w\" sizes=\"auto, (max-width: 872px) 100vw, 872px\" \/><\/figure>\n<\/figure>\n\n\n<div class=\"wp-block-image is-style-rounded\">\n<figure class=\"alignright size-medium\"><img loading=\"lazy\" decoding=\"async\" width=\"225\" height=\"300\" src=\"https:\/\/rotllana.cat\/escolagumal\/wp-content\/uploads\/2021\/01\/f-225x300.jpg\" alt=\"\" class=\"wp-image-863\" srcset=\"https:\/\/rotllana.cat\/escolagumal\/wp-content\/uploads\/2021\/01\/f-225x300.jpg 225w, https:\/\/rotllana.cat\/escolagumal\/wp-content\/uploads\/2021\/01\/f-768x1024.jpg 768w, https:\/\/rotllana.cat\/escolagumal\/wp-content\/uploads\/2021\/01\/f.jpg 774w\" sizes=\"auto, (max-width: 225px) 100vw, 225px\" \/><\/figure><\/div>\n\n\n<p class=\"has-black-color has-text-color\">Actualment, el nostre comprom\u00eds segueix amb el poble de&nbsp;Gumal. Els nostres pr\u00f2xims objectius s\u00f3n:<\/p>\n\n\n\n<ul class=\"wp-block-list has-black-color has-text-color\">\n<li><strong>Construir el mur\u00a0de demarcaci\u00f3 de l&#8217;escola per a evitar l&#8217;acc\u00e9s dels animals i de qualsevol estrany.<\/strong><\/li>\n\n\n\n<li><strong>Garantir\u00a0un\u00a0curs\u00a0m\u00e9s\u00a0el lliurament\u00a0del\u00a0material\u00a0escolar\u00a0b\u00e0sic.<\/strong><\/li>\n\n\n\n<li><strong>Proveir a l&#8217;escola d&#8217;una\u00a0placa solar\u00a0per a garantir un m\u00ednim d&#8217;hores de llum artificial durant les tardes tropicals m\u00e9s curtes i fosques i aix\u00ed garantir l&#8217;acc\u00e9s al m\u00e0xim de nens i nenes a l&#8217;escola durant la jornada escolar.<\/strong><\/li>\n<\/ul>\n","protected":false},"excerpt":{"rendered":"<p>EL NOSTRE TREBALL Tot va comen\u00e7ar en 2016, quan el poble de&nbsp;Gumal&nbsp;va sol\u00b7licitar al govern del Senegal la construcci\u00f3 d&#8217;una escola al poble, ja que mai havien tingut una. Els nens i nenes en&nbsp;Sare,&nbsp;sempre han estat petits pastors, petites mares, i molt pocs han pogut anar a escola, ja que la m\u00e9s pr\u00f2xima, a tres [&hellip;]<\/p>\n","protected":false},"author":1,"featured_media":0,"parent":0,"menu_order":0,"comment_status":"closed","ping_status":"closed","template":"","meta":{"footnotes":""},"class_list":["post-159","page","type-page","status-publish","hentry"],"_links":{"self":[{"href":"https:\/\/rotllana.cat\/escolagumal\/wp-json\/wp\/v2\/pages\/159","targetHints":{"allow":["GET"]}}],"collection":[{"href":"https:\/\/rotllana.cat\/escolagumal\/wp-json\/wp\/v2\/pages"}],"about":[{"href":"https:\/\/rotllana.cat\/escolagumal\/wp-json\/wp\/v2\/types\/page"}],"author":[{"embeddable":true,"href":"https:\/\/rotllana.cat\/escolagumal\/wp-json\/wp\/v2\/users\/1"}],"replies":[{"embeddable":true,"href":"https:\/\/rotllana.cat\/escolagumal\/wp-json\/wp\/v2\/comments?post=159"}],"version-history":[{"count":22,"href":"https:\/\/rotllana.cat\/escolagumal\/wp-json\/wp\/v2\/pages\/159\/revisions"}],"predecessor-version":[{"id":1355,"href":"https:\/\/rotllana.cat\/escolagumal\/wp-json\/wp\/v2\/pages\/159\/revisions\/1355"}],"wp:attachment":[{"href":"https:\/\/rotllana.cat\/escolagumal\/wp-json\/wp\/v2\/media?parent=159"}],"curies":[{"name":"wp","href":"https:\/\/api.w.org\/{rel}","templated":true}]}}