{"id":554,"date":"2018-05-03T09:59:52","date_gmt":"2018-05-03T09:59:52","guid":{"rendered":"https:\/\/rotllana.cat\/escolagumal\/?page_id=554"},"modified":"2018-05-03T09:59:52","modified_gmt":"2018-05-03T09:59:52","slug":"posada-la-primera-pedra-per-la-construccio-de-lescola-a-gumal","status":"publish","type":"page","link":"https:\/\/rotllana.cat\/escolagumal\/posada-la-primera-pedra-per-la-construccio-de-lescola-a-gumal\/","title":{"rendered":"Posada la primera pedra per la construcci\u00f3 de l&#8217;escola a Gumal"},"content":{"rendered":"<p>La delegaci\u00f3 de la <strong>Rotllana<\/strong> que va anar al poble de <strong>Gumal<\/strong>, al Senegal la setmana passada, torna amb la primera pedra posada per la construcci\u00f3 de l&#8217;escola de primaria.<\/p>\n<p>Aviat els treballs de construcci\u00f3 de l&#8217;edifici de l&#8217;escola hauran de donar pas a la consolidaci\u00f3 de l&#8217;educaci\u00f3 en un petit poble de la regi\u00f3 rural de <strong>Tambacounda<\/strong>, la m\u00e9s pobre del pa\u00eds, que mai havia tingut escola.<\/p>\n<p>La setmana passada hem estat testimonis una vegada m\u00e9s de la import\u00e0ncia que t\u00e9 l&#8217;<strong>educaci\u00f3 b\u00e0sica<\/strong> pel desenvolupament dels infants i la seva comunitat. No n&#8217;hi ha progr\u00e8s hum\u00e0 en camps com l&#8217;educaci\u00f3, la sanitat i l&#8217;organitzaci\u00f3 social, sense el suport de l&#8217;educaci\u00f3 com a conquesta de millora de la qualitat de vida.\u00a0\u00a0\u00a0\u00a0\u00a0\u00a0\u00a0\u00a0\u00a0\u00a0\u00a0\u00a0\u00a0\u00a0\u00a0\u00a0\u00a0\u00a0\u00a0\u00a0\u00a0\u00a0\u00a0\u00a0\u00a0\u00a0 A Gumal estem a un petit pas d&#8217;aconseguir-lo gr\u00e0cies a les aportacions desinteressades de persones an\u00f2nimes, grups de joves, entitats socials, i l&#8217;<strong>ajuntament de Santa Maria Palautordera <\/strong>que ens va donar 7.500\u20ac. Encara no hem aconseguit tots els diners necessaris per\u00f2 ara estem m\u00e9s a prop i la il\u00b7lusi\u00f3 del que hem trobat al Senegal ens far\u00e0 arribar fins l&#8217;objectiu marcat.<\/p>\n<p>A Gumal les nenes i nens estan contents, per fi tindran una escola digna en condicions per poder estudiar independentment de les temperatures extremes de calor o de les pluges tropicals. Tothom est\u00e0 content, els nens i nenes, les mares, la comunitat en general, finalment s&#8217;acompleix un somni del poble, \u00abtenir una escola a on projectar el seu futur\u00bb.<\/p>\n<p>Ara es podr\u00e0 evitar el trencament de m\u00e9s fam\u00edlies per la immigraci\u00f3 per raons d&#8217;extrema pobresa, tamb\u00e9 la mort dels seus homes i joves al Mediterrani per creuar a Europa. A Gumal es comen\u00e7a a pensar que que un altre futur es possible.<\/p>\n<p>Aquest dies hem estat testimonis de com un fet tant simple com poder anar a l&#8217;escola pot significar tant per la comunitat d&#8217;un poble i els seus nens. Ens resulta impossible explicar-vos les emocions captades i viscudes, per\u00f2 si que us podem fer arribar l&#8217;agra\u00efment i la felicitats de tothom a Gumal per l&#8217;inici d&#8217;aquest esdeveniment.<\/p>\n<p><strong>Gr\u00e0cies de tot cor en nom dels nens de Gumal, nosaltres els hi van prometre que ja no els hi deixarem m\u00e9s sols!<\/strong><\/p>\n","protected":false},"excerpt":{"rendered":"<p>La delegaci\u00f3 de la Rotllana que va anar al poble de Gumal, al Senegal la setmana passada, torna amb la primera pedra posada per la construcci\u00f3 de l&#8217;escola de primaria. Aviat els treballs de construcci\u00f3 de l&#8217;edifici de l&#8217;escola hauran de donar pas a la consolidaci\u00f3 de l&#8217;educaci\u00f3 en un petit poble de la regi\u00f3 [&hellip;]<\/p>\n","protected":false},"author":1,"featured_media":552,"parent":0,"menu_order":0,"comment_status":"closed","ping_status":"closed","template":"","meta":{"footnotes":""},"class_list":["post-554","page","type-page","status-publish","has-post-thumbnail","hentry"],"_links":{"self":[{"href":"https:\/\/rotllana.cat\/escolagumal\/wp-json\/wp\/v2\/pages\/554","targetHints":{"allow":["GET"]}}],"collection":[{"href":"https:\/\/rotllana.cat\/escolagumal\/wp-json\/wp\/v2\/pages"}],"about":[{"href":"https:\/\/rotllana.cat\/escolagumal\/wp-json\/wp\/v2\/types\/page"}],"author":[{"embeddable":true,"href":"https:\/\/rotllana.cat\/escolagumal\/wp-json\/wp\/v2\/users\/1"}],"replies":[{"embeddable":true,"href":"https:\/\/rotllana.cat\/escolagumal\/wp-json\/wp\/v2\/comments?post=554"}],"version-history":[{"count":1,"href":"https:\/\/rotllana.cat\/escolagumal\/wp-json\/wp\/v2\/pages\/554\/revisions"}],"predecessor-version":[{"id":555,"href":"https:\/\/rotllana.cat\/escolagumal\/wp-json\/wp\/v2\/pages\/554\/revisions\/555"}],"wp:featuredmedia":[{"embeddable":true,"href":"https:\/\/rotllana.cat\/escolagumal\/wp-json\/wp\/v2\/media\/552"}],"wp:attachment":[{"href":"https:\/\/rotllana.cat\/escolagumal\/wp-json\/wp\/v2\/media?parent=554"}],"curies":[{"name":"wp","href":"https:\/\/api.w.org\/{rel}","templated":true}]}}