{"id":762,"date":"2019-03-14T11:33:48","date_gmt":"2019-03-14T11:33:48","guid":{"rendered":"https:\/\/rotllana.cat\/escolagumal\/?page_id=762"},"modified":"2026-03-03T09:40:25","modified_gmt":"2026-03-03T09:40:25","slug":"inaugurem-lescola-a-gumal","status":"publish","type":"page","link":"https:\/\/rotllana.cat\/escolagumal\/inaugurem-lescola-a-gumal\/","title":{"rendered":"Inaugurem l&#8217;Escola a Gumal"},"content":{"rendered":"\n<p> Aquesta \u00faltima setmana de Mar\u00e7, tres membres de la nostra entitat han baixat a <strong>Gumal, Senegal<\/strong>, per poder inaugurar l\u2019<strong><a href=\"https:\/\/rotllana.cat\/escolagumal\/el-projecte\/\" target=\"_blank\" rel=\"noreferrer noopener\" aria-label=\"escola que hem constru\u00eft durant el 2018 (abre en una nueva pesta\u00f1a)\">escola<\/a><\/strong><a href=\"https:\/\/rotllana.cat\/escolagumal\/el-projecte\/\" target=\"_blank\" rel=\"noreferrer noopener\" aria-label=\"escola que hem constru\u00eft durant el 2018 (abre en una nueva pesta\u00f1a)\"> que hem constru\u00eft durant el 2018<\/a> i que culmina la nostra ajuda a un projecte de suport a l\u2019<strong>escolaritzaci\u00f3<\/strong> al que donem recolzament des del 2016. <\/p>\n\n\n\n<p>Des del 2016 va ser molta la gent que es va sumar en el projecte: \njoves, pares i mares, entitats, m\u00fasics locals, professors.. als que \nsumem tamb\u00e9 l\u2019<strong>Ajuntament de Santa Maria De Palautordera<\/strong>, i l\u2019 <strong>universitat de treball social de Romania<\/strong>, que ha mobilitzat la societat civil de Timisoara. Hem de fer un especial agra\u00efment al Cosmin Goian i a la M\u00f2nica Munteanu.<\/p>\n\n\n\n<p>En representaci\u00f3 de totes i tots vam anar a<strong> Senegal<\/strong>, carregats d\u2019il\u00b7lusions, i material escolar i esportiu. <br><\/p>\n\n\n\n<figure class=\"wp-block-image\"><img loading=\"lazy\" decoding=\"async\" width=\"1024\" height=\"667\" src=\"https:\/\/rotllana.cat\/escolagumal\/wp-content\/uploads\/2019\/04\/IMG_20190326_170201-1024x667.jpg\" alt=\"\" class=\"wp-image-770\" srcset=\"https:\/\/rotllana.cat\/escolagumal\/wp-content\/uploads\/2019\/04\/IMG_20190326_170201-1024x667.jpg 1024w, https:\/\/rotllana.cat\/escolagumal\/wp-content\/uploads\/2019\/04\/IMG_20190326_170201-300x195.jpg 300w, https:\/\/rotllana.cat\/escolagumal\/wp-content\/uploads\/2019\/04\/IMG_20190326_170201-768x500.jpg 768w\" sizes=\"auto, (max-width: 1024px) 100vw, 1024px\" \/><figcaption>dav<\/figcaption><\/figure>\n\n\n\n<p>El viatge ha estat una molt bona oportunitat per parlar amb el \nprofessor de l\u2019escola, con\u00e8ixer de primera ma el proc\u00e9s, els infants i \nels seu desenvolupament acad\u00e8mic.<\/p>\n\n\n\n<p>Actualment, ens explicava <strong>Monsieur Biaye<\/strong>, hi ha dues classes, respectivament amb <strong>56 i 52 alumnes<\/strong>,\n els primers al seu tercer curs, i el segons que finalment van poder \naccedir aquest any, gr\u00e0cies a la construcci\u00f3 de l\u2019escola, que t\u00e9 dos \naules. L\u2019edat dels alumnes va des del 6 anys fins al 14, i estan \ndividits per nivell escolar.<\/p>\n\n\n\n<p>\n\u00danic professor des del 2016, i \u00fanic professor que va acceptar el repte \nde traslladar- se a un poble perdut i comen\u00e7ar des de cero amb els \ninfants, Mr Biaye ens explica l\u2019evoluci\u00f3 dels nens, no nom\u00e9s en termes \nd\u2019<strong>aprenentatge acad\u00e8mic<\/strong>, si no tamb\u00e9, i no menys important, en termes d\u2019<strong>actituds i h\u00e0bits personals<\/strong>:\n els nens arriben tots puntuals a classe i ben endre\u00e7ats, a classe \naprenen a llegir, escriure i sumar, aix\u00ed com a cuidar-se m\u00fatuament, a \nser participatius i a resoldre positivament els conflictes.\n\n<\/p>\n\n\n\n<figure class=\"wp-block-image\"><img loading=\"lazy\" decoding=\"async\" width=\"1024\" height=\"768\" src=\"https:\/\/rotllana.cat\/escolagumal\/wp-content\/uploads\/2019\/04\/IMG_20190326_180043-1024x768.jpg\" alt=\"\" class=\"wp-image-774\" srcset=\"https:\/\/rotllana.cat\/escolagumal\/wp-content\/uploads\/2019\/04\/IMG_20190326_180043-1024x768.jpg 1024w, https:\/\/rotllana.cat\/escolagumal\/wp-content\/uploads\/2019\/04\/IMG_20190326_180043-300x225.jpg 300w, https:\/\/rotllana.cat\/escolagumal\/wp-content\/uploads\/2019\/04\/IMG_20190326_180043-768x576.jpg 768w\" sizes=\"auto, (max-width: 1024px) 100vw, 1024px\" \/><figcaption>dav<\/figcaption><\/figure>\n\n\n\n<p> L\u2019<strong> inauguraci\u00f3<\/strong> va ser un moment festiu important per tothom ja que marca  un abans i un despr\u00e9s a la vida del poble. Hi van participar l\u2019alcalde,  el ministeri d\u2019educaci\u00f3, el professor, els alumnes amb els pares i els  habitants del poble, incl\u00f2s el representant de la comunitat religiosa.  Despr\u00e9s de l\u2019entrega simb\u00f2lica de les claus, als alumnes van organitzar  una desfilada amb vestits t\u00edpics i balls, acompanyats per un grup de  percussionistes professionals. <\/p>\n\n\n\n<figure class=\"wp-block-image\"><img loading=\"lazy\" decoding=\"async\" width=\"1024\" height=\"768\" src=\"https:\/\/rotllana.cat\/escolagumal\/wp-content\/uploads\/2019\/04\/IMG_20190328_130224-1024x768.jpg\" alt=\"\" class=\"wp-image-772\" srcset=\"https:\/\/rotllana.cat\/escolagumal\/wp-content\/uploads\/2019\/04\/IMG_20190328_130224-1024x768.jpg 1024w, https:\/\/rotllana.cat\/escolagumal\/wp-content\/uploads\/2019\/04\/IMG_20190328_130224-300x225.jpg 300w, https:\/\/rotllana.cat\/escolagumal\/wp-content\/uploads\/2019\/04\/IMG_20190328_130224-768x576.jpg 768w\" sizes=\"auto, (max-width: 1024px) 100vw, 1024px\" \/><figcaption>sdr<\/figcaption><\/figure>\n\n\n\n<p> Els dies en Gumal han sigut calorosos e intensos, aix\u00ed com r\u00e0pids. <\/p>\n\n\n\n<p>Hem conegut histories de solidaritat comunit\u00e0ria i suport al que m\u00e9s \nnecessita, de l\u2019 uni\u00f3 que fa la for\u00e7a i ajuda a no tenir diferencies, \ndel m\u00e9s estes concepte del \u201ccompartir\u201d, lluny del deixar a l\u2019altre \u201cel \nque ja no necessito\u201d, sin\u00f3 del \u201cho necessitem\u201d.<\/p>\n\n\n\n<p>Amb la satisfacci\u00f3 del treball fet i amb l\u2019 il\u00b7lusi\u00f3 del treball que \nqueda per fer, tornem a casa carregats d\u2019emocions, records, \naprenentatges i motivacions per seguir amb la nostra tasca i la missi\u00f3 \nde millorar la qualitat de vida de les persones AMB les persones.<\/p>\n\n\n\n<figure class=\"wp-block-image\"><img loading=\"lazy\" decoding=\"async\" width=\"1024\" height=\"768\" src=\"https:\/\/rotllana.cat\/escolagumal\/wp-content\/uploads\/2019\/04\/20120103_233917-1-1024x768.jpg\" alt=\"\" class=\"wp-image-775\" srcset=\"https:\/\/rotllana.cat\/escolagumal\/wp-content\/uploads\/2019\/04\/20120103_233917-1-1024x768.jpg 1024w, https:\/\/rotllana.cat\/escolagumal\/wp-content\/uploads\/2019\/04\/20120103_233917-1-300x225.jpg 300w, https:\/\/rotllana.cat\/escolagumal\/wp-content\/uploads\/2019\/04\/20120103_233917-1-768x576.jpg 768w, https:\/\/rotllana.cat\/escolagumal\/wp-content\/uploads\/2019\/04\/20120103_233917-1.jpg 2048w\" sizes=\"auto, (max-width: 1024px) 100vw, 1024px\" \/><\/figure>\n","protected":false},"excerpt":{"rendered":"<p>Aquesta \u00faltima setmana de Mar\u00e7, tres membres de la nostra entitat han baixat a Gumal, Senegal, per poder inaugurar l\u2019escola que hem constru\u00eft durant el 2018 i que culmina la nostra ajuda a un projecte de suport a l\u2019escolaritzaci\u00f3 al que donem recolzament des del 2016. Des del 2016 va ser molta la gent que [&hellip;]<\/p>\n","protected":false},"author":1,"featured_media":773,"parent":0,"menu_order":0,"comment_status":"closed","ping_status":"closed","template":"","meta":{"footnotes":""},"class_list":["post-762","page","type-page","status-publish","has-post-thumbnail","hentry"],"_links":{"self":[{"href":"https:\/\/rotllana.cat\/escolagumal\/wp-json\/wp\/v2\/pages\/762","targetHints":{"allow":["GET"]}}],"collection":[{"href":"https:\/\/rotllana.cat\/escolagumal\/wp-json\/wp\/v2\/pages"}],"about":[{"href":"https:\/\/rotllana.cat\/escolagumal\/wp-json\/wp\/v2\/types\/page"}],"author":[{"embeddable":true,"href":"https:\/\/rotllana.cat\/escolagumal\/wp-json\/wp\/v2\/users\/1"}],"replies":[{"embeddable":true,"href":"https:\/\/rotllana.cat\/escolagumal\/wp-json\/wp\/v2\/comments?post=762"}],"version-history":[{"count":3,"href":"https:\/\/rotllana.cat\/escolagumal\/wp-json\/wp\/v2\/pages\/762\/revisions"}],"predecessor-version":[{"id":776,"href":"https:\/\/rotllana.cat\/escolagumal\/wp-json\/wp\/v2\/pages\/762\/revisions\/776"}],"wp:featuredmedia":[{"embeddable":true,"href":"https:\/\/rotllana.cat\/escolagumal\/wp-json\/wp\/v2\/media\/773"}],"wp:attachment":[{"href":"https:\/\/rotllana.cat\/escolagumal\/wp-json\/wp\/v2\/media?parent=762"}],"curies":[{"name":"wp","href":"https:\/\/api.w.org\/{rel}","templated":true}]}}